{"id":2067,"date":"2021-03-02T08:55:23","date_gmt":"2021-03-02T08:55:23","guid":{"rendered":"http:\/\/mikkohalmeart.com\/home\/"},"modified":"2024-01-29T06:35:24","modified_gmt":"2024-01-29T06:35:24","slug":"home","status":"publish","type":"page","link":"https:\/\/mikkohalmeart.com\/en\/","title":{"rendered":"Home"},"content":{"rendered":"<div data-elementor-type=\"wp-page\" data-elementor-id=\"2067\" class=\"elementor elementor-2067\">\n\t\t\t\t\t\t<section class=\"elementor-section elementor-top-section elementor-element elementor-element-e4886b3 elementor-section-height-full elementor-section-items-bottom elementor-section-boxed elementor-section-height-default\" data-id=\"e4886b3\" data-element_type=\"section\" data-e-type=\"section\" data-settings=\"{&quot;background_background&quot;:&quot;classic&quot;}\">\n\t\t\t\t\t\t\t<div class=\"elementor-background-overlay\"><\/div>\n\t\t\t\t\t\t\t<div class=\"elementor-container elementor-column-gap-no\">\n\t\t\t\t\t<div class=\"elementor-column elementor-col-100 elementor-top-column elementor-element elementor-element-c0b3dad\" data-id=\"c0b3dad\" data-element_type=\"column\" data-e-type=\"column\">\n\t\t\t<div class=\"elementor-widget-wrap elementor-element-populated\">\n\t\t\t\t\t\t<div class=\"elementor-element elementor-element-931bf8b elementor-widget elementor-widget-heading\" data-id=\"931bf8b\" data-element_type=\"widget\" data-e-type=\"widget\" data-widget_type=\"heading.default\">\n\t\t\t\t<div class=\"elementor-widget-container\">\n\t\t\t\t\t<h1 class=\"elementor-heading-title elementor-size-default\">Mikko Halme Art<\/h1>\t\t\t\t<\/div>\n\t\t\t\t<\/div>\n\t\t\t\t\t<\/div>\n\t\t<\/div>\n\t\t\t\t\t<\/div>\n\t\t<\/section>\n\t\t\t\t<section class=\"elementor-section elementor-top-section elementor-element elementor-element-4dd12f4 elementor-section-boxed elementor-section-height-default elementor-section-height-default\" data-id=\"4dd12f4\" data-element_type=\"section\" data-e-type=\"section\" id=\"bio\">\n\t\t\t\t\t\t<div class=\"elementor-container elementor-column-gap-no\">\n\t\t\t\t\t<div class=\"elementor-column elementor-col-100 elementor-top-column elementor-element elementor-element-d40c8b2\" data-id=\"d40c8b2\" data-element_type=\"column\" data-e-type=\"column\">\n\t\t\t<div class=\"elementor-widget-wrap elementor-element-populated\">\n\t\t\t\t\t\t<section class=\"elementor-section elementor-inner-section elementor-element elementor-element-ca245ea elementor-section-boxed elementor-section-height-default elementor-section-height-default\" data-id=\"ca245ea\" data-element_type=\"section\" data-e-type=\"section\">\n\t\t\t\t\t\t<div class=\"elementor-container elementor-column-gap-no\">\n\t\t\t\t\t<div class=\"elementor-column elementor-col-50 elementor-inner-column elementor-element elementor-element-a7435a2\" data-id=\"a7435a2\" data-element_type=\"column\" data-e-type=\"column\">\n\t\t\t<div class=\"elementor-widget-wrap elementor-element-populated\">\n\t\t\t\t\t\t<div class=\"elementor-element elementor-element-a753eb1 elementor-widget__width-inherit elementor-widget elementor-widget-heading\" data-id=\"a753eb1\" data-element_type=\"widget\" data-e-type=\"widget\" data-widget_type=\"heading.default\">\n\t\t\t\t<div class=\"elementor-widget-container\">\n\t\t\t\t\t<h2 class=\"elementor-heading-title elementor-size-medium\">Previous paintings:<\/h2>\t\t\t\t<\/div>\n\t\t\t\t<\/div>\n\t\t\t\t<div class=\"elementor-element elementor-element-a79274d elementor-arrows-position-inside elementor-pagination-position-outside elementor-widget elementor-widget-image-carousel\" data-id=\"a79274d\" data-element_type=\"widget\" data-e-type=\"widget\" data-settings=\"{&quot;slides_to_show&quot;:&quot;1&quot;,&quot;slides_to_show_tablet&quot;:&quot;1&quot;,&quot;slides_to_show_mobile&quot;:&quot;1&quot;,&quot;navigation&quot;:&quot;both&quot;,&quot;autoplay&quot;:&quot;yes&quot;,&quot;pause_on_hover&quot;:&quot;yes&quot;,&quot;pause_on_interaction&quot;:&quot;yes&quot;,&quot;autoplay_speed&quot;:5000,&quot;infinite&quot;:&quot;yes&quot;,&quot;effect&quot;:&quot;slide&quot;,&quot;speed&quot;:500}\" data-widget_type=\"image-carousel.default\">\n\t\t\t\t<div class=\"elementor-widget-container\">\n\t\t\t\t\t\t\t<div class=\"elementor-image-carousel-wrapper swiper\" role=\"region\" aria-roledescription=\"carousel\" aria-label=\"Kuvakaruselli\" dir=\"ltr\">\n\t\t\t<div class=\"elementor-image-carousel swiper-wrapper\" aria-live=\"off\">\n\t\t\t\t\t\t\t\t<div class=\"swiper-slide\" role=\"group\" aria-roledescription=\"slide\" aria-label=\"1 of 10\"><figure class=\"swiper-slide-inner\"><img decoding=\"async\" class=\"swiper-slide-image lazyload\" data-src=\"https:\/\/mikkohalmeart.com\/wp-content\/uploads\/2022\/08\/DSC09031-300x300.jpg\" alt=\"DSC09031\" src=\"data:image\/svg+xml;base64,PHN2ZyB3aWR0aD0iMSIgaGVpZ2h0PSIxIiB4bWxucz0iaHR0cDovL3d3dy53My5vcmcvMjAwMC9zdmciPjwvc3ZnPg==\" style=\"--smush-placeholder-width: 300px; --smush-placeholder-aspect-ratio: 300\/300;\" \/><\/figure><\/div><div class=\"swiper-slide\" role=\"group\" aria-roledescription=\"slide\" aria-label=\"2 of 10\"><figure class=\"swiper-slide-inner\"><img decoding=\"async\" class=\"swiper-slide-image lazyload\" data-src=\"https:\/\/mikkohalmeart.com\/wp-content\/uploads\/2023\/04\/317077627_562097195923480_6971613842403561335_n-300x300.jpg\" alt=\"Hintaluokka 2 maski Price level logo v\u00e4ri\u00e4 colors yksityiskohtia details\" src=\"data:image\/svg+xml;base64,PHN2ZyB3aWR0aD0iMSIgaGVpZ2h0PSIxIiB4bWxucz0iaHR0cDovL3d3dy53My5vcmcvMjAwMC9zdmciPjwvc3ZnPg==\" style=\"--smush-placeholder-width: 300px; --smush-placeholder-aspect-ratio: 300\/300;\" \/><\/figure><\/div><div class=\"swiper-slide\" role=\"group\" aria-roledescription=\"slide\" aria-label=\"3 of 10\"><figure class=\"swiper-slide-inner\"><img decoding=\"async\" class=\"swiper-slide-image lazyload\" data-src=\"https:\/\/mikkohalmeart.com\/wp-content\/uploads\/2023\/04\/279818262_3225984217728579_1899058151404225751_n-1-300x300.jpg\" alt=\"Hintaluokka 3 maski mask price details colors v\u00e4ri\u00e4 yksityiskohtia\" src=\"data:image\/svg+xml;base64,PHN2ZyB3aWR0aD0iMSIgaGVpZ2h0PSIxIiB4bWxucz0iaHR0cDovL3d3dy53My5vcmcvMjAwMC9zdmciPjwvc3ZnPg==\" style=\"--smush-placeholder-width: 300px; --smush-placeholder-aspect-ratio: 300\/300;\" \/><\/figure><\/div><div class=\"swiper-slide\" role=\"group\" aria-roledescription=\"slide\" aria-label=\"4 of 10\"><figure class=\"swiper-slide-inner\"><img decoding=\"async\" class=\"swiper-slide-image lazyload\" data-src=\"https:\/\/mikkohalmeart.com\/wp-content\/uploads\/2022\/08\/DSC08974-300x300.jpg\" alt=\"DSC08974\" src=\"data:image\/svg+xml;base64,PHN2ZyB3aWR0aD0iMSIgaGVpZ2h0PSIxIiB4bWxucz0iaHR0cDovL3d3dy53My5vcmcvMjAwMC9zdmciPjwvc3ZnPg==\" style=\"--smush-placeholder-width: 300px; --smush-placeholder-aspect-ratio: 300\/300;\" \/><\/figure><\/div><div class=\"swiper-slide\" role=\"group\" aria-roledescription=\"slide\" aria-label=\"5 of 10\"><figure class=\"swiper-slide-inner\"><img decoding=\"async\" class=\"swiper-slide-image lazyload\" data-src=\"https:\/\/mikkohalmeart.com\/wp-content\/uploads\/2022\/08\/DSC08927-300x300.jpg\" alt=\"DSC08927\" src=\"data:image\/svg+xml;base64,PHN2ZyB3aWR0aD0iMSIgaGVpZ2h0PSIxIiB4bWxucz0iaHR0cDovL3d3dy53My5vcmcvMjAwMC9zdmciPjwvc3ZnPg==\" style=\"--smush-placeholder-width: 300px; --smush-placeholder-aspect-ratio: 300\/300;\" \/><\/figure><\/div><div class=\"swiper-slide\" role=\"group\" aria-roledescription=\"slide\" aria-label=\"6 of 10\"><figure class=\"swiper-slide-inner\"><img decoding=\"async\" class=\"swiper-slide-image lazyload\" data-src=\"https:\/\/mikkohalmeart.com\/wp-content\/uploads\/2023\/04\/182658599_2947376798922657_3106149765263748616_n-300x300.jpg\" alt=\"182658599_2947376798922657_3106149765263748616_n\" src=\"data:image\/svg+xml;base64,PHN2ZyB3aWR0aD0iMSIgaGVpZ2h0PSIxIiB4bWxucz0iaHR0cDovL3d3dy53My5vcmcvMjAwMC9zdmciPjwvc3ZnPg==\" style=\"--smush-placeholder-width: 300px; --smush-placeholder-aspect-ratio: 300\/300;\" \/><\/figure><\/div><div class=\"swiper-slide\" role=\"group\" aria-roledescription=\"slide\" aria-label=\"7 of 10\"><figure class=\"swiper-slide-inner\"><img decoding=\"async\" class=\"swiper-slide-image lazyload\" data-src=\"https:\/\/mikkohalmeart.com\/wp-content\/uploads\/2022\/08\/DSC09078-300x300.jpg\" alt=\"DSC09078\" src=\"data:image\/svg+xml;base64,PHN2ZyB3aWR0aD0iMSIgaGVpZ2h0PSIxIiB4bWxucz0iaHR0cDovL3d3dy53My5vcmcvMjAwMC9zdmciPjwvc3ZnPg==\" style=\"--smush-placeholder-width: 300px; --smush-placeholder-aspect-ratio: 300\/300;\" \/><\/figure><\/div><div class=\"swiper-slide\" role=\"group\" aria-roledescription=\"slide\" aria-label=\"8 of 10\"><figure class=\"swiper-slide-inner\"><img decoding=\"async\" class=\"swiper-slide-image lazyload\" data-src=\"https:\/\/mikkohalmeart.com\/wp-content\/uploads\/2023\/04\/297060266_463537662446101_7909198741277448179_n-300x300.jpg\" alt=\"297060266_463537662446101_7909198741277448179_n\" src=\"data:image\/svg+xml;base64,PHN2ZyB3aWR0aD0iMSIgaGVpZ2h0PSIxIiB4bWxucz0iaHR0cDovL3d3dy53My5vcmcvMjAwMC9zdmciPjwvc3ZnPg==\" style=\"--smush-placeholder-width: 300px; --smush-placeholder-aspect-ratio: 300\/300;\" \/><\/figure><\/div><div class=\"swiper-slide\" role=\"group\" aria-roledescription=\"slide\" aria-label=\"9 of 10\"><figure class=\"swiper-slide-inner\"><img decoding=\"async\" class=\"swiper-slide-image lazyload\" data-src=\"https:\/\/mikkohalmeart.com\/wp-content\/uploads\/2020\/01\/Paavo-H\u00f6ls\u00e4-Roki-CCM-mask-300x300.jpg\" alt=\"Paavo H\u00f6ls\u00e4 Roki CCM mask\" src=\"data:image\/svg+xml;base64,PHN2ZyB3aWR0aD0iMSIgaGVpZ2h0PSIxIiB4bWxucz0iaHR0cDovL3d3dy53My5vcmcvMjAwMC9zdmciPjwvc3ZnPg==\" style=\"--smush-placeholder-width: 300px; --smush-placeholder-aspect-ratio: 300\/300;\" \/><\/figure><\/div><div class=\"swiper-slide\" role=\"group\" aria-roledescription=\"slide\" aria-label=\"10 of 10\"><figure class=\"swiper-slide-inner\"><img decoding=\"async\" class=\"swiper-slide-image lazyload\" data-src=\"https:\/\/mikkohalmeart.com\/wp-content\/uploads\/2023\/04\/199788793_2977388742588129_1501434019259785362_n-300x300.jpg\" alt=\"199788793_2977388742588129_1501434019259785362_n\" src=\"data:image\/svg+xml;base64,PHN2ZyB3aWR0aD0iMSIgaGVpZ2h0PSIxIiB4bWxucz0iaHR0cDovL3d3dy53My5vcmcvMjAwMC9zdmciPjwvc3ZnPg==\" style=\"--smush-placeholder-width: 300px; --smush-placeholder-aspect-ratio: 300\/300;\" \/><\/figure><\/div>\t\t\t<\/div>\n\t\t\t\t\t\t\t\t\t\t\t\t<div class=\"elementor-swiper-button elementor-swiper-button-prev\" role=\"button\" tabindex=\"0\">\n\t\t\t\t\t\t<i aria-hidden=\"true\" class=\"eicon-chevron-left\"><\/i>\t\t\t\t\t<\/div>\n\t\t\t\t\t<div class=\"elementor-swiper-button elementor-swiper-button-next\" role=\"button\" tabindex=\"0\">\n\t\t\t\t\t\t<i aria-hidden=\"true\" class=\"eicon-chevron-right\"><\/i>\t\t\t\t\t<\/div>\n\t\t\t\t\n\t\t\t\t\t\t\t\t\t<div class=\"swiper-pagination\"><\/div>\n\t\t\t\t\t\t\t\t\t<\/div>\n\t\t\t\t\t\t<\/div>\n\t\t\t\t<\/div>\n\t\t\t\t<div class=\"elementor-element elementor-element-3dbd361 elementor-align-center elementor-widget elementor-widget-button\" data-id=\"3dbd361\" data-element_type=\"widget\" data-e-type=\"widget\" data-widget_type=\"button.default\">\n\t\t\t\t<div class=\"elementor-widget-container\">\n\t\t\t\t\t\t\t\t\t<div class=\"elementor-button-wrapper\">\n\t\t\t\t\t<a class=\"elementor-button elementor-button-link elementor-size-sm\" href=\"http:\/\/mikkohalmeart.com\/en\/galleria\/\">\n\t\t\t\t\t\t<span class=\"elementor-button-content-wrapper\">\n\t\t\t\t\t\t<span class=\"elementor-button-icon\">\n\t\t\t\t<svg xmlns=\"http:\/\/www.w3.org\/2000\/svg\" viewbox=\"0 0 2048 2048\"><path d=\"M6.125 1088h1797.89l-402.976 403 89.994 90L2048 1024l-556.966-557-89.994 90 402.976 403H6.125v128z\"><\/path><\/svg>\t\t\t<\/span>\n\t\t\t\t\t\t\t\t\t<span class=\"elementor-button-text\">Gallery<\/span>\n\t\t\t\t\t<\/span>\n\t\t\t\t\t<\/a>\n\t\t\t\t<\/div>\n\t\t\t\t\t\t\t\t<\/div>\n\t\t\t\t<\/div>\n\t\t\t\t\t<\/div>\n\t\t<\/div>\n\t\t\t\t<div class=\"elementor-column elementor-col-50 elementor-inner-column elementor-element elementor-element-7844d14\" data-id=\"7844d14\" data-element_type=\"column\" data-e-type=\"column\">\n\t\t\t<div class=\"elementor-widget-wrap elementor-element-populated\">\n\t\t\t\t\t\t<div class=\"elementor-element elementor-element-71219c8 elementor-widget elementor-widget-heading\" data-id=\"71219c8\" data-element_type=\"widget\" data-e-type=\"widget\" data-widget_type=\"heading.default\">\n\t\t\t\t<div class=\"elementor-widget-container\">\n\t\t\t\t\t<h2 class=\"elementor-heading-title elementor-size-medium\">Goalie mask paintings for pro, junior and amateur goalies.<\/h2>\t\t\t\t<\/div>\n\t\t\t\t<\/div>\n\t\t\t\t<div class=\"elementor-element elementor-element-9d38b1f elementor-widget elementor-widget-text-editor\" data-id=\"9d38b1f\" data-element_type=\"widget\" data-e-type=\"widget\" data-widget_type=\"text-editor.default\">\n\t\t\t\t<div class=\"elementor-widget-container\">\n\t\t\t\t\t\t\t\t\t<p style=\"font-weight: 300;\">Mikko Halme Art paints and designs goalie mask painting for pro, junior and amateur goalies. Mikko Halme Art is located in Naantali, Finland but we have clients in Finland, Sweden, Norway, Denmark and other European countries as well as North America.<\/p><p style=\"font-weight: 300;\">Some of our latest paintings are displayed on Gallery. Most recent news, updates and information behind the paintings can be found on our social media platforms on Faceboom (Mikko Halme Art) and Instagram (mikkohalmeart).<\/p><p style=\"font-weight: 300;\">Ordering process and pricing are displayed in Process &amp; Pricing -section.<\/p><p style=\"font-weight: 300;\">You can always contact us for a quote or to ask more information through our Contact -page.<\/p>\t\t\t\t\t\t\t\t<\/div>\n\t\t\t\t<\/div>\n\t\t\t\t<div class=\"elementor-element elementor-element-bfa437d elementor-widget elementor-widget-button\" data-id=\"bfa437d\" data-element_type=\"widget\" data-e-type=\"widget\" data-widget_type=\"button.default\">\n\t\t\t\t<div class=\"elementor-widget-container\">\n\t\t\t\t\t\t\t\t\t<div class=\"elementor-button-wrapper\">\n\t\t\t\t\t<a class=\"elementor-button elementor-button-link elementor-size-sm\" href=\"http:\/\/mikkohalmeart.com\/en\/yhteydenotto\/\">\n\t\t\t\t\t\t<span class=\"elementor-button-content-wrapper\">\n\t\t\t\t\t\t<span class=\"elementor-button-icon\">\n\t\t\t\t<svg xmlns=\"http:\/\/www.w3.org\/2000\/svg\" viewbox=\"0 0 2048 2048\"><path d=\"M6.125 1088h1797.89l-402.976 403 89.994 90L2048 1024l-556.966-557-89.994 90 402.976 403H6.125v128z\"><\/path><\/svg>\t\t\t<\/span>\n\t\t\t\t\t\t\t\t\t<span class=\"elementor-button-text\">Contact<\/span>\n\t\t\t\t\t<\/span>\n\t\t\t\t\t<\/a>\n\t\t\t\t<\/div>\n\t\t\t\t\t\t\t\t<\/div>\n\t\t\t\t<\/div>\n\t\t\t\t\t<\/div>\n\t\t<\/div>\n\t\t\t\t\t<\/div>\n\t\t<\/section>\n\t\t\t\t\t<\/div>\n\t\t<\/div>\n\t\t\t\t\t<\/div>\n\t\t<\/section>\n\t\t\t\t<\/div>","protected":false},"excerpt":{"rendered":"<p>Mikko Halme Art Viimeaikaisia t\u00f6it\u00e4: Edellinen Seuraava Galleria Maskien maalaukset ammatti-, juniori- sek\u00e4 harrastemaalivahdeille. Mikko Halme Art suunnittelee ja maalaa p\u00e4\u00e4asiassa j\u00e4\u00e4kiekkomaalivahtien maskeja, joita l\u00f6ytyy kaiken tasoisilta maalivahdeilta Suomen, muun Euroopan sek\u00e4 Pohjois-Amerikan kentilt\u00e4. Toteutettuja t\u00f6it\u00e4 on esill\u00e4 galleriassa. Uusimmat julkaisut ja lis\u00e4\u00e4 kuvia l\u00f6ytyy Facebookista (Mikko Halme Art) ja Instagramista (@mikkohalmeart). Maalausprosessia ja maalausten &hellip;<\/p>\n<p class=\"read-more\"> <a class=\"\" href=\"https:\/\/mikkohalmeart.com\/en\/\"> <span class=\"screen-reader-text\">Home<\/span> Read More &raquo;<\/a><\/p>","protected":false},"author":1,"featured_media":0,"parent":0,"menu_order":0,"comment_status":"closed","ping_status":"closed","template":"","meta":{"_monsterinsights_skip_tracking":false,"_monsterinsights_sitenote_active":false,"_monsterinsights_sitenote_note":"","_monsterinsights_sitenote_category":0,"site-sidebar-layout":"no-sidebar","site-content-layout":"page-builder","ast-site-content-layout":"full-width-container","site-content-style":"unboxed","site-sidebar-style":"unboxed","ast-global-header-display":"","ast-banner-title-visibility":"","ast-main-header-display":"","ast-hfb-above-header-display":"","ast-hfb-below-header-display":"","ast-hfb-mobile-header-display":"","site-post-title":"disabled","ast-breadcrumbs-content":"disabled","ast-featured-img":"","footer-sml-layout":"","theme-transparent-header-meta":"enabled","adv-header-id-meta":"","stick-header-meta":"","header-above-stick-meta":"","header-main-stick-meta":"","header-below-stick-meta":"","astra-migrate-meta-layouts":"set","ast-page-background-enabled":"default","ast-page-background-meta":{"desktop":{"background-color":"","background-image":"","background-repeat":"repeat","background-position":"center center","background-size":"auto","background-attachment":"scroll","background-type":"","background-media":"","overlay-type":"","overlay-color":"","overlay-gradient":""},"tablet":{"background-color":"","background-image":"","background-repeat":"repeat","background-position":"center center","background-size":"auto","background-attachment":"scroll","background-type":"","background-media":"","overlay-type":"","overlay-color":"","overlay-gradient":""},"mobile":{"background-color":"","background-image":"","background-repeat":"repeat","background-position":"center center","background-size":"auto","background-attachment":"scroll","background-type":"","background-media":"","overlay-type":"","overlay-color":"","overlay-gradient":""}},"ast-content-background-meta":{"desktop":{"background-color":"var(--ast-global-color-5)","background-image":"","background-repeat":"repeat","background-position":"center center","background-size":"auto","background-attachment":"scroll","background-type":"","background-media":"","overlay-type":"","overlay-color":"","overlay-gradient":""},"tablet":{"background-color":"var(--ast-global-color-5)","background-image":"","background-repeat":"repeat","background-position":"center center","background-size":"auto","background-attachment":"scroll","background-type":"","background-media":"","overlay-type":"","overlay-color":"","overlay-gradient":""},"mobile":{"background-color":"var(--ast-global-color-5)","background-image":"","background-repeat":"repeat","background-position":"center center","background-size":"auto","background-attachment":"scroll","background-type":"","background-media":"","overlay-type":"","overlay-color":"","overlay-gradient":""}},"footnotes":""},"class_list":["post-2067","page","type-page","status-publish","hentry"],"yoast_head":"<!-- This site is optimized with the Yoast SEO plugin v27.2 - https:\/\/yoast.com\/product\/yoast-seo-wordpress\/ -->\n<title>Etusivu - Mikko Halme Art<\/title>\n<meta name=\"description\" content=\"J\u00e4\u00e4kiekkomaalivahtien maskien maalaukset. \/\/\/ Goalie mask paintings for pro, junior and amateur goalies.\" \/>\n<meta name=\"robots\" content=\"index, follow, max-snippet:-1, max-image-preview:large, max-video-preview:-1\" \/>\n<link rel=\"canonical\" href=\"https:\/\/mikkohalmeart.com\/en\/\" \/>\n<meta property=\"og:locale\" content=\"en_US\" \/>\n<meta property=\"og:type\" content=\"article\" \/>\n<meta property=\"og:title\" content=\"Etusivu - Mikko Halme Art\" \/>\n<meta property=\"og:description\" content=\"J\u00e4\u00e4kiekkomaalivahtien maskien maalaukset. \/\/\/ Goalie mask paintings for pro, junior and amateur goalies.\" \/>\n<meta property=\"og:url\" content=\"https:\/\/mikkohalmeart.com\/en\/\" \/>\n<meta property=\"og:site_name\" content=\"Mikko Halme Art\" \/>\n<meta property=\"article:publisher\" content=\"https:\/\/www.facebook.com\/mikkohalmeart\/\" \/>\n<meta property=\"article:modified_time\" content=\"2024-01-29T06:35:24+00:00\" \/>\n<meta property=\"og:image\" content=\"http:\/\/mikkohalmeart.com\/wp-content\/uploads\/2022\/08\/DSC09031-300x300.jpg\" \/>\n<meta name=\"twitter:card\" content=\"summary_large_image\" \/>\n<meta name=\"twitter:label1\" content=\"Est. reading time\" \/>\n\t<meta name=\"twitter:data1\" content=\"3 minutes\" \/>\n<script type=\"application\/ld+json\" class=\"yoast-schema-graph\">{\"@context\":\"https:\/\/schema.org\",\"@graph\":[{\"@type\":\"WebPage\",\"@id\":\"https:\/\/mikkohalmeart.com\/\",\"url\":\"https:\/\/mikkohalmeart.com\/\",\"name\":\"Etusivu - Mikko Halme Art\",\"isPartOf\":{\"@id\":\"https:\/\/mikkohalmeart.com\/#website\"},\"primaryImageOfPage\":{\"@id\":\"https:\/\/mikkohalmeart.com\/#primaryimage\"},\"image\":{\"@id\":\"https:\/\/mikkohalmeart.com\/#primaryimage\"},\"thumbnailUrl\":\"http:\/\/mikkohalmeart.com\/wp-content\/uploads\/2022\/08\/DSC09031-300x300.jpg\",\"datePublished\":\"2021-03-02T08:55:23+00:00\",\"dateModified\":\"2024-01-29T06:35:24+00:00\",\"description\":\"J\u00e4\u00e4kiekkomaalivahtien maskien maalaukset. \/\/\/ Goalie mask paintings for pro, junior and amateur goalies.\",\"breadcrumb\":{\"@id\":\"https:\/\/mikkohalmeart.com\/#breadcrumb\"},\"inLanguage\":\"en-US\",\"potentialAction\":[{\"@type\":\"ReadAction\",\"target\":[\"https:\/\/mikkohalmeart.com\/\"]}]},{\"@type\":\"ImageObject\",\"inLanguage\":\"en-US\",\"@id\":\"https:\/\/mikkohalmeart.com\/#primaryimage\",\"url\":\"http:\/\/mikkohalmeart.com\/wp-content\/uploads\/2022\/08\/DSC09031-300x300.jpg\",\"contentUrl\":\"http:\/\/mikkohalmeart.com\/wp-content\/uploads\/2022\/08\/DSC09031-300x300.jpg\"},{\"@type\":\"BreadcrumbList\",\"@id\":\"https:\/\/mikkohalmeart.com\/#breadcrumb\",\"itemListElement\":[{\"@type\":\"ListItem\",\"position\":1,\"name\":\"Home\",\"item\":\"https:\/\/mikkohalmeart.com\/\"},{\"@type\":\"ListItem\",\"position\":2,\"name\":\"Etusivu\"}]},{\"@type\":\"WebSite\",\"@id\":\"https:\/\/mikkohalmeart.com\/#website\",\"url\":\"https:\/\/mikkohalmeart.com\/\",\"name\":\"Mikko Halme Art\",\"description\":\"J\u00e4\u00e4kiekkomaalivahtien maskin maalaukset\",\"publisher\":{\"@id\":\"https:\/\/mikkohalmeart.com\/#organization\"},\"potentialAction\":[{\"@type\":\"SearchAction\",\"target\":{\"@type\":\"EntryPoint\",\"urlTemplate\":\"https:\/\/mikkohalmeart.com\/?s={search_term_string}\"},\"query-input\":{\"@type\":\"PropertyValueSpecification\",\"valueRequired\":true,\"valueName\":\"search_term_string\"}}],\"inLanguage\":\"en-US\"},{\"@type\":\"Organization\",\"@id\":\"https:\/\/mikkohalmeart.com\/#organization\",\"name\":\"Mikko Halme Art\",\"url\":\"https:\/\/mikkohalmeart.com\/\",\"logo\":{\"@type\":\"ImageObject\",\"inLanguage\":\"en-US\",\"@id\":\"https:\/\/mikkohalmeart.com\/#\/schema\/logo\/image\/\",\"url\":\"http:\/\/mikkohalmeart.com\/wp-content\/uploads\/2018\/02\/cropped-LogoMHA-callcard_skaalattu_pikkukuva-2.png\",\"contentUrl\":\"http:\/\/mikkohalmeart.com\/wp-content\/uploads\/2018\/02\/cropped-LogoMHA-callcard_skaalattu_pikkukuva-2.png\",\"width\":512,\"height\":512,\"caption\":\"Mikko Halme Art\"},\"image\":{\"@id\":\"https:\/\/mikkohalmeart.com\/#\/schema\/logo\/image\/\"},\"sameAs\":[\"https:\/\/www.facebook.com\/mikkohalmeart\/\",\"https:\/\/www.instagram.com\/mikkohalmeart\/\"]}]}<\/script>\n<!-- \/ Yoast SEO plugin. -->","yoast_head_json":{"title":"Etusivu - Mikko Halme Art","description":"J\u00e4\u00e4kiekkomaalivahtien maskien maalaukset. \/\/\/ Goalie mask paintings for pro, junior and amateur goalies.","robots":{"index":"index","follow":"follow","max-snippet":"max-snippet:-1","max-image-preview":"max-image-preview:large","max-video-preview":"max-video-preview:-1"},"canonical":"https:\/\/mikkohalmeart.com\/en\/","og_locale":"en_US","og_type":"article","og_title":"Etusivu - Mikko Halme Art","og_description":"J\u00e4\u00e4kiekkomaalivahtien maskien maalaukset. \/\/\/ Goalie mask paintings for pro, junior and amateur goalies.","og_url":"https:\/\/mikkohalmeart.com\/en\/","og_site_name":"Mikko Halme Art","article_publisher":"https:\/\/www.facebook.com\/mikkohalmeart\/","article_modified_time":"2024-01-29T06:35:24+00:00","og_image":[{"url":"http:\/\/mikkohalmeart.com\/wp-content\/uploads\/2022\/08\/DSC09031-300x300.jpg","type":"","width":"","height":""}],"twitter_card":"summary_large_image","twitter_misc":{"Est. reading time":"3 minutes"},"schema":{"@context":"https:\/\/schema.org","@graph":[{"@type":"WebPage","@id":"https:\/\/mikkohalmeart.com\/","url":"https:\/\/mikkohalmeart.com\/","name":"Etusivu - Mikko Halme Art","isPartOf":{"@id":"https:\/\/mikkohalmeart.com\/#website"},"primaryImageOfPage":{"@id":"https:\/\/mikkohalmeart.com\/#primaryimage"},"image":{"@id":"https:\/\/mikkohalmeart.com\/#primaryimage"},"thumbnailUrl":"http:\/\/mikkohalmeart.com\/wp-content\/uploads\/2022\/08\/DSC09031-300x300.jpg","datePublished":"2021-03-02T08:55:23+00:00","dateModified":"2024-01-29T06:35:24+00:00","description":"J\u00e4\u00e4kiekkomaalivahtien maskien maalaukset. \/\/\/ Goalie mask paintings for pro, junior and amateur goalies.","breadcrumb":{"@id":"https:\/\/mikkohalmeart.com\/#breadcrumb"},"inLanguage":"en-US","potentialAction":[{"@type":"ReadAction","target":["https:\/\/mikkohalmeart.com\/"]}]},{"@type":"ImageObject","inLanguage":"en-US","@id":"https:\/\/mikkohalmeart.com\/#primaryimage","url":"http:\/\/mikkohalmeart.com\/wp-content\/uploads\/2022\/08\/DSC09031-300x300.jpg","contentUrl":"http:\/\/mikkohalmeart.com\/wp-content\/uploads\/2022\/08\/DSC09031-300x300.jpg"},{"@type":"BreadcrumbList","@id":"https:\/\/mikkohalmeart.com\/#breadcrumb","itemListElement":[{"@type":"ListItem","position":1,"name":"Home","item":"https:\/\/mikkohalmeart.com\/"},{"@type":"ListItem","position":2,"name":"Etusivu"}]},{"@type":"WebSite","@id":"https:\/\/mikkohalmeart.com\/#website","url":"https:\/\/mikkohalmeart.com\/","name":"Mikko Halme Art","description":"J\u00e4\u00e4kiekkomaalivahtien maskin maalaukset","publisher":{"@id":"https:\/\/mikkohalmeart.com\/#organization"},"potentialAction":[{"@type":"SearchAction","target":{"@type":"EntryPoint","urlTemplate":"https:\/\/mikkohalmeart.com\/?s={search_term_string}"},"query-input":{"@type":"PropertyValueSpecification","valueRequired":true,"valueName":"search_term_string"}}],"inLanguage":"en-US"},{"@type":"Organization","@id":"https:\/\/mikkohalmeart.com\/#organization","name":"Mikko Halme Art","url":"https:\/\/mikkohalmeart.com\/","logo":{"@type":"ImageObject","inLanguage":"en-US","@id":"https:\/\/mikkohalmeart.com\/#\/schema\/logo\/image\/","url":"http:\/\/mikkohalmeart.com\/wp-content\/uploads\/2018\/02\/cropped-LogoMHA-callcard_skaalattu_pikkukuva-2.png","contentUrl":"http:\/\/mikkohalmeart.com\/wp-content\/uploads\/2018\/02\/cropped-LogoMHA-callcard_skaalattu_pikkukuva-2.png","width":512,"height":512,"caption":"Mikko Halme Art"},"image":{"@id":"https:\/\/mikkohalmeart.com\/#\/schema\/logo\/image\/"},"sameAs":["https:\/\/www.facebook.com\/mikkohalmeart\/","https:\/\/www.instagram.com\/mikkohalmeart\/"]}]}},"_links":{"self":[{"href":"https:\/\/mikkohalmeart.com\/en\/wp-json\/wp\/v2\/pages\/2067","targetHints":{"allow":["GET"]}}],"collection":[{"href":"https:\/\/mikkohalmeart.com\/en\/wp-json\/wp\/v2\/pages"}],"about":[{"href":"https:\/\/mikkohalmeart.com\/en\/wp-json\/wp\/v2\/types\/page"}],"author":[{"embeddable":true,"href":"https:\/\/mikkohalmeart.com\/en\/wp-json\/wp\/v2\/users\/1"}],"replies":[{"embeddable":true,"href":"https:\/\/mikkohalmeart.com\/en\/wp-json\/wp\/v2\/comments?post=2067"}],"version-history":[{"count":102,"href":"https:\/\/mikkohalmeart.com\/en\/wp-json\/wp\/v2\/pages\/2067\/revisions"}],"predecessor-version":[{"id":2484,"href":"https:\/\/mikkohalmeart.com\/en\/wp-json\/wp\/v2\/pages\/2067\/revisions\/2484"}],"wp:attachment":[{"href":"https:\/\/mikkohalmeart.com\/en\/wp-json\/wp\/v2\/media?parent=2067"}],"curies":[{"name":"wp","href":"https:\/\/api.w.org\/{rel}","templated":true}]}}