{"id":2073,"date":"2021-03-03T07:01:16","date_gmt":"2021-03-03T07:01:16","guid":{"rendered":"http:\/\/mikkohalmeart.com\/contact\/"},"modified":"2024-01-28T09:16:27","modified_gmt":"2024-01-28T09:16:27","slug":"yhteydenotto","status":"publish","type":"page","link":"https:\/\/mikkohalmeart.com\/en\/yhteydenotto\/","title":{"rendered":"Contact"},"content":{"rendered":"<div data-elementor-type=\"wp-page\" data-elementor-id=\"2073\" class=\"elementor elementor-2073\">\n\t\t\t\t\t\t<section class=\"elementor-section elementor-top-section elementor-element elementor-element-541c585 elementor-section-boxed elementor-section-height-default elementor-section-height-default\" data-id=\"541c585\" data-element_type=\"section\" data-e-type=\"section\">\n\t\t\t\t\t\t<div class=\"elementor-container elementor-column-gap-no\">\n\t\t\t\t\t<div class=\"elementor-column elementor-col-100 elementor-top-column elementor-element elementor-element-523fa9a\" data-id=\"523fa9a\" data-element_type=\"column\" data-e-type=\"column\">\n\t\t\t<div class=\"elementor-widget-wrap elementor-element-populated\">\n\t\t\t\t\t\t<div class=\"elementor-element elementor-element-c54aa98 elementor-widget elementor-widget-heading\" data-id=\"c54aa98\" data-element_type=\"widget\" data-e-type=\"widget\" data-widget_type=\"heading.default\">\n\t\t\t\t<div class=\"elementor-widget-container\">\n\t\t\t\t\t<h1 class=\"elementor-heading-title elementor-size-large\">Contact<\/h1>\t\t\t\t<\/div>\n\t\t\t\t<\/div>\n\t\t\t\t<section class=\"elementor-section elementor-inner-section elementor-element elementor-element-b5257c6 elementor-section-boxed elementor-section-height-default elementor-section-height-default\" data-id=\"b5257c6\" data-element_type=\"section\" data-e-type=\"section\">\n\t\t\t\t\t\t<div class=\"elementor-container elementor-column-gap-no\">\n\t\t\t\t\t<div class=\"elementor-column elementor-col-100 elementor-inner-column elementor-element elementor-element-e2ab697\" data-id=\"e2ab697\" data-element_type=\"column\" data-e-type=\"column\">\n\t\t\t<div class=\"elementor-widget-wrap elementor-element-populated\">\n\t\t\t\t\t\t<div class=\"elementor-element elementor-element-e6dc946 elementor-widget elementor-widget-image-box\" data-id=\"e6dc946\" data-element_type=\"widget\" data-e-type=\"widget\" data-widget_type=\"image-box.default\">\n\t\t\t\t<div class=\"elementor-widget-container\">\n\t\t\t\t\t<div class=\"elementor-image-box-wrapper\"><div class=\"elementor-image-box-content\"><h3 class=\"elementor-image-box-title\">Send an inquiry<\/h3><p class=\"elementor-image-box-description\">We try to response all inquiries within 48 hours. If you do not received a reply, please check your spam folder. You can of course always call or send a message through Instagram or Facebook.<\/p><\/div><\/div>\t\t\t\t<\/div>\n\t\t\t\t<\/div>\n\t\t\t\t<div class=\"elementor-element elementor-element-404c874 elementor-widget elementor-widget-void-section-cf7\" data-id=\"404c874\" data-element_type=\"widget\" data-e-type=\"widget\" data-widget_type=\"void-section-cf7.default\">\n\t\t\t\t<div class=\"elementor-widget-container\">\n\t\t\t\t\t<div class=\"void-cf7-form-widget-wrapper elementor-shortcode void-cf7-0\" data-void-cf7-contact-form-id=\"1042\">\n<div class=\"wpcf7 no-js\" id=\"wpcf7-f1042-o1\" lang=\"en-US\" dir=\"ltr\" data-wpcf7-id=\"1042\">\n<div class=\"screen-reader-response\"><p role=\"status\" aria-live=\"polite\" aria-atomic=\"true\"><\/p> <ul><\/ul><\/div>\n<form action=\"\/en\/wp-json\/wp\/v2\/pages\/2073#wpcf7-f1042-o1\" method=\"post\" class=\"wpcf7-form init\" aria-label=\"Contact form\" enctype=\"multipart\/form-data\" novalidate=\"novalidate\" data-status=\"init\" data-trp-original-action=\"\/en\/wp-json\/wp\/v2\/pages\/2073#wpcf7-f1042-o1\">\n<fieldset class=\"hidden-fields-container\"><input type=\"hidden\" name=\"_wpcf7\" value=\"1042\" \/><input type=\"hidden\" name=\"_wpcf7_version\" value=\"6.1.5\" \/><input type=\"hidden\" name=\"_wpcf7_locale\" value=\"en_US\" \/><input type=\"hidden\" name=\"_wpcf7_unit_tag\" value=\"wpcf7-f1042-o1\" \/><input type=\"hidden\" name=\"_wpcf7_container_post\" value=\"0\" \/><input type=\"hidden\" name=\"_wpcf7_posted_data_hash\" value=\"\" \/><input type=\"hidden\" name=\"_wpcf7_recaptcha_response\" value=\"\" \/>\n<\/fieldset>\n<p><label> First name*<br \/>\n<span class=\"wpcf7-form-control-wrap\" data-name=\"Etunimi\"><input size=\"40\" maxlength=\"400\" class=\"wpcf7-form-control wpcf7-text wpcf7-validates-as-required\" aria-required=\"true\" aria-invalid=\"false\" value=\"\" type=\"text\" name=\"Etunimi\" \/><\/span> <\/label>\n<\/p>\n<p><label> Surname*<br \/>\n<span class=\"wpcf7-form-control-wrap\" data-name=\"Sukunimi\"><input size=\"40\" maxlength=\"400\" class=\"wpcf7-form-control wpcf7-text wpcf7-validates-as-required\" aria-required=\"true\" aria-invalid=\"false\" value=\"\" type=\"text\" name=\"Sukunimi\" \/><\/span> <\/label>\n<\/p>\n<p><label> Email *<br \/>\n<span class=\"wpcf7-form-control-wrap\" data-name=\"Email\"><input size=\"40\" maxlength=\"400\" class=\"wpcf7-form-control wpcf7-email wpcf7-validates-as-required wpcf7-text wpcf7-validates-as-email\" aria-required=\"true\" aria-invalid=\"false\" value=\"\" type=\"email\" name=\"Email\" \/><\/span> <\/label>\n<\/p>\n<p><label> Phone number*<br \/>\n<span class=\"wpcf7-form-control-wrap\" data-name=\"Puhelinnumero\"><input size=\"40\" maxlength=\"400\" class=\"wpcf7-form-control wpcf7-text wpcf7-validates-as-required\" aria-required=\"true\" aria-invalid=\"false\" value=\"\" type=\"text\" name=\"Puhelinnumero\" \/><\/span> <\/label>\n<\/p>\n<p><label> Mask model<br \/>\n<span class=\"wpcf7-form-control-wrap\" data-name=\"Maskin_malli\"><input size=\"40\" maxlength=\"400\" class=\"wpcf7-form-control wpcf7-text\" aria-invalid=\"false\" value=\"\" type=\"text\" name=\"Maskin_malli\" \/><\/span> <\/label>\n<\/p>\n<p><label> Condition of the mask<br \/>\n<span class=\"wpcf7-form-control-wrap\" data-name=\"Kunto\"><select class=\"wpcf7-form-control wpcf7-select\" aria-invalid=\"false\" name=\"Kunto\"><option value=\"\">&#8212;Please choose an option&#8212;<\/option><option value=\"Uusi - New\">Uusi - New<\/option><option value=\"K\u00e4ytetty, ei pintavaurioita - Used, no surface damages\">K\u00e4ytetty, ei pintavaurioita - Used, no surface damages<\/option><option value=\"K\u00e4ytetty, pintavaurioita - Used, some surface damages\">K\u00e4ytetty, pintavaurioita - Used, some surface damages<\/option><\/select><\/span> <\/label>\n<\/p>\n<p><label> Your ideas for the painting*<br \/>\n<span class=\"wpcf7-form-control-wrap\" data-name=\"Kuvaus\"><textarea cols=\"40\" rows=\"10\" maxlength=\"2000\" class=\"wpcf7-form-control wpcf7-textarea wpcf7-validates-as-required\" aria-required=\"true\" aria-invalid=\"false\" name=\"Kuvaus\"><\/textarea><\/span> <\/label>\n<\/p>\n<p><label> Attachements (.jpg, .jpeg, .png, gif or .pdf) <\/label><br \/>\n<span class=\"wpcf7-form-control-wrap\" data-name=\"Liite1\"><input size=\"40\" class=\"wpcf7-form-control wpcf7-file\" accept=\".jpg,.jpeg,.png,.gif,.pdf\" aria-invalid=\"false\" type=\"file\" name=\"Liite1\" \/><\/span>\n<\/p>\n<p><span class=\"wpcf7-form-control-wrap\" data-name=\"Liite2\"><input size=\"40\" class=\"wpcf7-form-control wpcf7-file\" accept=\".jpg,.jpeg,.png,.gif,.pdf\" aria-invalid=\"false\" type=\"file\" name=\"Liite2\" \/><\/span>\n<\/p>\n<p><span class=\"wpcf7-form-control-wrap\" data-name=\"Liite3\"><input size=\"40\" class=\"wpcf7-form-control wpcf7-file\" accept=\".jpg,.jpeg,.png,.gif,.pdf\" aria-invalid=\"false\" type=\"file\" name=\"Liite3\" \/><\/span>\n<\/p>\n<p><span class=\"wpcf7-form-control-wrap\" data-name=\"Liite4\"><input size=\"40\" class=\"wpcf7-form-control wpcf7-file\" accept=\".jpg,.jpeg,.png,.gif,.pdf\" aria-invalid=\"false\" type=\"file\" name=\"Liite4\" \/><\/span>\n<\/p>\n<p><span class=\"wpcf7-form-control-wrap\" data-name=\"Liite5\"><input size=\"40\" class=\"wpcf7-form-control wpcf7-file\" accept=\".jpg,.jpeg,.png,.gif,.pdf\" aria-invalid=\"false\" type=\"file\" name=\"Liite5\" \/><\/span>\n<\/p>\n<p><input class=\"wpcf7-form-control wpcf7-submit has-spinner\" id=\"tarjous\" type=\"submit\" value=\"Send\" \/>\n<\/p><div class=\"wpcf7-response-output\" aria-hidden=\"true\"><\/div>\n<input type=\"hidden\" name=\"trp-form-language\" value=\"en\"\/><\/form>\n<\/div>\n<\/div> \t\t\t<script>\r\n \t\t\t        var theform = document.querySelector('.void-cf7-0');\r\n\t\t\t\t\t\ttheform.addEventListener( 'wpcf7mailsent', function( event ) {\r\n\t\t\t\t\t    location = 'https:\/\/mikkohalmeart.com\/en\/yhteydenotto\/';\r\n\t\t\t\t\t}, false );\r\n\t\t\t<\/script>\r\n\r\n\t\t\t\t\t\t<\/div>\n\t\t\t\t<\/div>\n\t\t\t\t\t<\/div>\n\t\t<\/div>\n\t\t\t\t\t<\/div>\n\t\t<\/section>\n\t\t\t\t\t<\/div>\n\t\t<\/div>\n\t\t\t\t\t<\/div>\n\t\t<\/section>\n\t\t\t\t<\/div>","protected":false},"excerpt":{"rendered":"<p>Yhteydenotto L\u00e4het\u00e4 yhteydenottopyynt\u00f6 Pyrin vastaamaan kaikkiin yhteydenottopyynt\u00f6ihin 48 tunnin kuluessa. Jos et ole t\u00e4m\u00e4n ajan j\u00e4lkeen saanut vastausta, tarkastathan viel\u00e4 roskapostikansion jos viestini on p\u00e4\u00e4tynyt sinne. Voit ottaa my\u00f6s yhteytt\u00e4 puhelimitse, Instagramin tai Facebookin kautta. Etunimi * Sukunimi * Email * Puhelinnumero * Maskin malli Maskin kunto \u2014Please choose an option\u2014Uusi &#8211; NewK\u00e4ytetty, ei pintavaurioita &hellip;<\/p>\n<p class=\"read-more\"> <a class=\"\" href=\"https:\/\/mikkohalmeart.com\/en\/yhteydenotto\/\"> <span class=\"screen-reader-text\">Contact<\/span> Read More &raquo;<\/a><\/p>","protected":false},"author":1,"featured_media":0,"parent":0,"menu_order":0,"comment_status":"closed","ping_status":"closed","template":"","meta":{"_monsterinsights_skip_tracking":false,"_monsterinsights_sitenote_active":false,"_monsterinsights_sitenote_note":"","_monsterinsights_sitenote_category":0,"site-sidebar-layout":"no-sidebar","site-content-layout":"page-builder","ast-site-content-layout":"","site-content-style":"default","site-sidebar-style":"default","ast-global-header-display":"","ast-banner-title-visibility":"","ast-main-header-display":"","ast-hfb-above-header-display":"","ast-hfb-below-header-display":"","ast-hfb-mobile-header-display":"","site-post-title":"disabled","ast-breadcrumbs-content":"disabled","ast-featured-img":"disabled","footer-sml-layout":"","theme-transparent-header-meta":"enabled","adv-header-id-meta":"","stick-header-meta":"","header-above-stick-meta":"","header-main-stick-meta":"","header-below-stick-meta":"","astra-migrate-meta-layouts":"","ast-page-background-enabled":"default","ast-page-background-meta":{"desktop":{"background-color":"","background-image":"","background-repeat":"repeat","background-position":"center center","background-size":"auto","background-attachment":"scroll","background-type":"","background-media":"","overlay-type":"","overlay-color":"","overlay-gradient":""},"tablet":{"background-color":"","background-image":"","background-repeat":"repeat","background-position":"center center","background-size":"auto","background-attachment":"scroll","background-type":"","background-media":"","overlay-type":"","overlay-color":"","overlay-gradient":""},"mobile":{"background-color":"","background-image":"","background-repeat":"repeat","background-position":"center center","background-size":"auto","background-attachment":"scroll","background-type":"","background-media":"","overlay-type":"","overlay-color":"","overlay-gradient":""}},"ast-content-background-meta":{"desktop":{"background-color":"var(--ast-global-color-5)","background-image":"","background-repeat":"repeat","background-position":"center center","background-size":"auto","background-attachment":"scroll","background-type":"","background-media":"","overlay-type":"","overlay-color":"","overlay-gradient":""},"tablet":{"background-color":"var(--ast-global-color-5)","background-image":"","background-repeat":"repeat","background-position":"center center","background-size":"auto","background-attachment":"scroll","background-type":"","background-media":"","overlay-type":"","overlay-color":"","overlay-gradient":""},"mobile":{"background-color":"var(--ast-global-color-5)","background-image":"","background-repeat":"repeat","background-position":"center center","background-size":"auto","background-attachment":"scroll","background-type":"","background-media":"","overlay-type":"","overlay-color":"","overlay-gradient":""}},"footnotes":""},"class_list":["post-2073","page","type-page","status-publish","hentry"],"yoast_head":"<!-- This site is optimized with the Yoast SEO plugin v27.2 - https:\/\/yoast.com\/product\/yoast-seo-wordpress\/ -->\n<title>Yhteydenotto - Mikko Halme Art<\/title>\n<meta name=\"description\" content=\"Yhteydenotto \/ Contact. J\u00e4\u00e4kiekkomaalivahtien maskien maalaukset ammatti-, juniori- sek\u00e4 harrastemaalivahdeille. \/\/\/ Goalie mask paintings for pro, junior and amateur goalies.\" \/>\n<meta name=\"robots\" content=\"index, follow, max-snippet:-1, max-image-preview:large, max-video-preview:-1\" \/>\n<link rel=\"canonical\" href=\"http:\/\/mikkohalmeart.com\/en\/yhteydenotto\/\" \/>\n<meta property=\"og:locale\" content=\"en_US\" \/>\n<meta property=\"og:type\" content=\"article\" \/>\n<meta property=\"og:title\" content=\"Yhteydenotto - Mikko Halme Art\" \/>\n<meta property=\"og:description\" content=\"Yhteydenotto \/ Contact. J\u00e4\u00e4kiekkomaalivahtien maskien maalaukset ammatti-, juniori- sek\u00e4 harrastemaalivahdeille. \/\/\/ Goalie mask paintings for pro, junior and amateur goalies.\" \/>\n<meta property=\"og:url\" content=\"http:\/\/mikkohalmeart.com\/en\/yhteydenotto\/\" \/>\n<meta property=\"og:site_name\" content=\"Mikko Halme Art\" \/>\n<meta property=\"article:publisher\" content=\"https:\/\/www.facebook.com\/mikkohalmeart\/\" \/>\n<meta property=\"article:modified_time\" content=\"2024-01-28T09:16:27+00:00\" \/>\n<meta name=\"twitter:card\" content=\"summary_large_image\" \/>\n<meta name=\"twitter:label1\" content=\"Est. reading time\" \/>\n\t<meta name=\"twitter:data1\" content=\"1 minute\" \/>\n<script type=\"application\/ld+json\" class=\"yoast-schema-graph\">{\"@context\":\"https:\/\/schema.org\",\"@graph\":[{\"@type\":\"WebPage\",\"@id\":\"http:\/\/mikkohalmeart.com\/yhteydenotto\/\",\"url\":\"http:\/\/mikkohalmeart.com\/yhteydenotto\/\",\"name\":\"Yhteydenotto - Mikko Halme Art\",\"isPartOf\":{\"@id\":\"https:\/\/mikkohalmeart.com\/#website\"},\"datePublished\":\"2021-03-03T07:01:16+00:00\",\"dateModified\":\"2024-01-28T09:16:27+00:00\",\"description\":\"Yhteydenotto \/ Contact. J\u00e4\u00e4kiekkomaalivahtien maskien maalaukset ammatti-, juniori- sek\u00e4 harrastemaalivahdeille. \/\/\/ Goalie mask paintings for pro, junior and amateur goalies.\",\"breadcrumb\":{\"@id\":\"http:\/\/mikkohalmeart.com\/yhteydenotto\/#breadcrumb\"},\"inLanguage\":\"en-US\",\"potentialAction\":[{\"@type\":\"ReadAction\",\"target\":[\"http:\/\/mikkohalmeart.com\/yhteydenotto\/\"]}]},{\"@type\":\"BreadcrumbList\",\"@id\":\"http:\/\/mikkohalmeart.com\/yhteydenotto\/#breadcrumb\",\"itemListElement\":[{\"@type\":\"ListItem\",\"position\":1,\"name\":\"Home\",\"item\":\"https:\/\/mikkohalmeart.com\/\"},{\"@type\":\"ListItem\",\"position\":2,\"name\":\"Yhteydenotto\"}]},{\"@type\":\"WebSite\",\"@id\":\"https:\/\/mikkohalmeart.com\/#website\",\"url\":\"https:\/\/mikkohalmeart.com\/\",\"name\":\"Mikko Halme Art\",\"description\":\"J\u00e4\u00e4kiekkomaalivahtien maskin maalaukset\",\"publisher\":{\"@id\":\"https:\/\/mikkohalmeart.com\/#organization\"},\"potentialAction\":[{\"@type\":\"SearchAction\",\"target\":{\"@type\":\"EntryPoint\",\"urlTemplate\":\"https:\/\/mikkohalmeart.com\/?s={search_term_string}\"},\"query-input\":{\"@type\":\"PropertyValueSpecification\",\"valueRequired\":true,\"valueName\":\"search_term_string\"}}],\"inLanguage\":\"en-US\"},{\"@type\":\"Organization\",\"@id\":\"https:\/\/mikkohalmeart.com\/#organization\",\"name\":\"Mikko Halme Art\",\"url\":\"https:\/\/mikkohalmeart.com\/\",\"logo\":{\"@type\":\"ImageObject\",\"inLanguage\":\"en-US\",\"@id\":\"https:\/\/mikkohalmeart.com\/#\/schema\/logo\/image\/\",\"url\":\"http:\/\/mikkohalmeart.com\/wp-content\/uploads\/2018\/02\/cropped-LogoMHA-callcard_skaalattu_pikkukuva-2.png\",\"contentUrl\":\"http:\/\/mikkohalmeart.com\/wp-content\/uploads\/2018\/02\/cropped-LogoMHA-callcard_skaalattu_pikkukuva-2.png\",\"width\":512,\"height\":512,\"caption\":\"Mikko Halme Art\"},\"image\":{\"@id\":\"https:\/\/mikkohalmeart.com\/#\/schema\/logo\/image\/\"},\"sameAs\":[\"https:\/\/www.facebook.com\/mikkohalmeart\/\",\"https:\/\/www.instagram.com\/mikkohalmeart\/\"]}]}<\/script>\n<!-- \/ Yoast SEO plugin. -->","yoast_head_json":{"title":"Yhteydenotto - Mikko Halme Art","description":"Yhteydenotto \/ Contact. J\u00e4\u00e4kiekkomaalivahtien maskien maalaukset ammatti-, juniori- sek\u00e4 harrastemaalivahdeille. \/\/\/ Goalie mask paintings for pro, junior and amateur goalies.","robots":{"index":"index","follow":"follow","max-snippet":"max-snippet:-1","max-image-preview":"max-image-preview:large","max-video-preview":"max-video-preview:-1"},"canonical":"http:\/\/mikkohalmeart.com\/en\/yhteydenotto\/","og_locale":"en_US","og_type":"article","og_title":"Yhteydenotto - Mikko Halme Art","og_description":"Yhteydenotto \/ Contact. J\u00e4\u00e4kiekkomaalivahtien maskien maalaukset ammatti-, juniori- sek\u00e4 harrastemaalivahdeille. \/\/\/ Goalie mask paintings for pro, junior and amateur goalies.","og_url":"http:\/\/mikkohalmeart.com\/en\/yhteydenotto\/","og_site_name":"Mikko Halme Art","article_publisher":"https:\/\/www.facebook.com\/mikkohalmeart\/","article_modified_time":"2024-01-28T09:16:27+00:00","twitter_card":"summary_large_image","twitter_misc":{"Est. reading time":"1 minute"},"schema":{"@context":"https:\/\/schema.org","@graph":[{"@type":"WebPage","@id":"http:\/\/mikkohalmeart.com\/yhteydenotto\/","url":"http:\/\/mikkohalmeart.com\/yhteydenotto\/","name":"Yhteydenotto - Mikko Halme Art","isPartOf":{"@id":"https:\/\/mikkohalmeart.com\/#website"},"datePublished":"2021-03-03T07:01:16+00:00","dateModified":"2024-01-28T09:16:27+00:00","description":"Yhteydenotto \/ Contact. J\u00e4\u00e4kiekkomaalivahtien maskien maalaukset ammatti-, juniori- sek\u00e4 harrastemaalivahdeille. \/\/\/ Goalie mask paintings for pro, junior and amateur goalies.","breadcrumb":{"@id":"http:\/\/mikkohalmeart.com\/yhteydenotto\/#breadcrumb"},"inLanguage":"en-US","potentialAction":[{"@type":"ReadAction","target":["http:\/\/mikkohalmeart.com\/yhteydenotto\/"]}]},{"@type":"BreadcrumbList","@id":"http:\/\/mikkohalmeart.com\/yhteydenotto\/#breadcrumb","itemListElement":[{"@type":"ListItem","position":1,"name":"Home","item":"https:\/\/mikkohalmeart.com\/"},{"@type":"ListItem","position":2,"name":"Yhteydenotto"}]},{"@type":"WebSite","@id":"https:\/\/mikkohalmeart.com\/#website","url":"https:\/\/mikkohalmeart.com\/","name":"Mikko Halme Art","description":"J\u00e4\u00e4kiekkomaalivahtien maskin maalaukset","publisher":{"@id":"https:\/\/mikkohalmeart.com\/#organization"},"potentialAction":[{"@type":"SearchAction","target":{"@type":"EntryPoint","urlTemplate":"https:\/\/mikkohalmeart.com\/?s={search_term_string}"},"query-input":{"@type":"PropertyValueSpecification","valueRequired":true,"valueName":"search_term_string"}}],"inLanguage":"en-US"},{"@type":"Organization","@id":"https:\/\/mikkohalmeart.com\/#organization","name":"Mikko Halme Art","url":"https:\/\/mikkohalmeart.com\/","logo":{"@type":"ImageObject","inLanguage":"en-US","@id":"https:\/\/mikkohalmeart.com\/#\/schema\/logo\/image\/","url":"http:\/\/mikkohalmeart.com\/wp-content\/uploads\/2018\/02\/cropped-LogoMHA-callcard_skaalattu_pikkukuva-2.png","contentUrl":"http:\/\/mikkohalmeart.com\/wp-content\/uploads\/2018\/02\/cropped-LogoMHA-callcard_skaalattu_pikkukuva-2.png","width":512,"height":512,"caption":"Mikko Halme Art"},"image":{"@id":"https:\/\/mikkohalmeart.com\/#\/schema\/logo\/image\/"},"sameAs":["https:\/\/www.facebook.com\/mikkohalmeart\/","https:\/\/www.instagram.com\/mikkohalmeart\/"]}]}},"_links":{"self":[{"href":"https:\/\/mikkohalmeart.com\/en\/wp-json\/wp\/v2\/pages\/2073","targetHints":{"allow":["GET"]}}],"collection":[{"href":"https:\/\/mikkohalmeart.com\/en\/wp-json\/wp\/v2\/pages"}],"about":[{"href":"https:\/\/mikkohalmeart.com\/en\/wp-json\/wp\/v2\/types\/page"}],"author":[{"embeddable":true,"href":"https:\/\/mikkohalmeart.com\/en\/wp-json\/wp\/v2\/users\/1"}],"replies":[{"embeddable":true,"href":"https:\/\/mikkohalmeart.com\/en\/wp-json\/wp\/v2\/comments?post=2073"}],"version-history":[{"count":18,"href":"https:\/\/mikkohalmeart.com\/en\/wp-json\/wp\/v2\/pages\/2073\/revisions"}],"predecessor-version":[{"id":2598,"href":"https:\/\/mikkohalmeart.com\/en\/wp-json\/wp\/v2\/pages\/2073\/revisions\/2598"}],"wp:attachment":[{"href":"https:\/\/mikkohalmeart.com\/en\/wp-json\/wp\/v2\/media?parent=2073"}],"curies":[{"name":"wp","href":"https:\/\/api.w.org\/{rel}","templated":true}]}}