{"id":2179,"date":"2023-04-27T20:25:09","date_gmt":"2023-04-27T20:25:09","guid":{"rendered":"http:\/\/mikkohalmeart.com\/?page_id=2179"},"modified":"2024-01-28T09:16:22","modified_gmt":"2024-01-28T09:16:22","slug":"evastekaytannot","status":"publish","type":"page","link":"https:\/\/mikkohalmeart.com\/en\/evastekaytannot\/","title":{"rendered":"Cookie Policy"},"content":{"rendered":"<p>P\u00e4ivitetty: 27.04.2023<br><br>Sivustomme k\u00e4ytt\u00e4\u00e4 ev\u00e4steit\u00e4. \u201cHyv\u00e4ksyn ev\u00e4steet\u201d -nappia painamalla hyv\u00e4ksyt ev\u00e4steiden k\u00e4yt\u00f6n. Ev\u00e4steet tekev\u00e4t sivustomme k\u00e4ytt\u00e4misest\u00e4 helppoa, nopeaa ja k\u00e4ytt\u00e4j\u00e4yst\u00e4v\u00e4llist\u00e4.\u00a0Ev\u00e4steet mahdollistavat my\u00f6s liiketoimintamme kehitt\u00e4misen.<br><br>Ev\u00e4ste on pieni tekstitiedosto, jonka internet-selain tallentaa k\u00e4ytt\u00e4j\u00e4n laitteelle. Ev\u00e4steet asetetaan k\u00e4ytt\u00e4j\u00e4n p\u00e4\u00e4telaitteelle ainoastaan k\u00e4ytt\u00e4j\u00e4n kutsuman sivuston mukana. Vain ev\u00e4steen l\u00e4hett\u00e4nyt palvelin voi my\u00f6hemmin lukea ja k\u00e4ytt\u00e4\u00e4 ev\u00e4stett\u00e4. Ev\u00e4steet tai muut tekniikat eiv\u00e4t vahingoita k\u00e4ytt\u00e4j\u00e4n p\u00e4\u00e4telaitetta tai tiedostoja, eik\u00e4 ev\u00e4steit\u00e4 voi k\u00e4ytt\u00e4\u00e4 ohjelmien k\u00e4ytt\u00e4miseen tai haittaohjelmien levitt\u00e4miseen. K\u00e4ytt\u00e4j\u00e4\u00e4 ei voida tunnistaa pelkkien ev\u00e4steiden avulla.<br><br>Ev\u00e4steet jakautuvat alaryhmiin: pakolliset ev\u00e4steet, toiminnalliset ev\u00e4steet, tuotekehitys ja liiketoiminnan raportointi, mainonnan raportointi ja mainonnan kohdentaminen.\u00a0Pakollisia ev\u00e4steit\u00e4 ei voi est\u00e4\u00e4. Ne liittyv\u00e4t tietoturvaan ja sivuston toiminnan mahdollistamiseen. Pakolliset ev\u00e4steet eiv\u00e4t sis\u00e4ll\u00e4 tunnistettavaa henkil\u00f6tietoa.<br><br>K\u00e4yt\u00f6ss\u00e4 on joitakin palvelun toiminnan kannalta oleellisia kolmannen osapuolen ty\u00f6kaluja tai liit\u00e4nn\u00e4isi\u00e4:<\/p>\n\n\n\n<ol class=\"wp-block-list\">\n<li>Sivustoilla olevat sosiaalisten medioiden tai videopalveluiden upotukset tai sosiaalisten medioiden jako- ja tykk\u00e4ystoiminnallisuudet saattavat ker\u00e4t\u00e4 verkkopalveluiden k\u00e4ytt\u00e4jist\u00e4 tietoja esimerkiksi sis\u00e4ll\u00f6n suosittelemiseksi tai k\u00e4vij\u00e4m\u00e4\u00e4r\u00e4n seuraamiseksi.<\/li>\n\n\n\n<li>K\u00e4yt\u00e4mme kolmansien osapuolien kuten Googlen ja Facebookin ev\u00e4steit\u00e4. Ev\u00e4steill\u00e4 seurataan verkkosivustomme k\u00e4ytt\u00f6\u00e4, mik\u00e4 voidaan yhdist\u00e4\u00e4 muihin tietoihin. Jos et salli n\u00e4it\u00e4 ev\u00e4steit\u00e4, j\u00e4\u00e4t paitsi yrityksemme kohdennetusta mainonnasta.<\/li>\n\n\n\n<li>Palvelun kehitt\u00e4miseen tarkoitettujen ev\u00e4steiden ev\u00e4steiden avulla voimme seurata vierailuja ja liikenteen l\u00e4hteit\u00e4, jotta voimme mitata ja parantaa sivustomme suorituskyky\u00e4. Ev\u00e4steiden avulla pystymme kehitt\u00e4m\u00e4\u00e4n palveluamme asiakkaidemme parhaaksi. Jos et salli n\u00e4it\u00e4 ev\u00e4steit\u00e4, emme tied\u00e4, milloin olet vieraillut sivustollamme, emmek\u00e4 voi seurata osaltasi sen toimintaa. N\u00e4m\u00e4 ev\u00e4steet eiv\u00e4t sis\u00e4ll\u00e4 tunnistettavaa henkil\u00f6tietoa.<\/li>\n<\/ol>\n\n\n\n<p><br>Voit halutessasi est\u00e4\u00e4 muut kuin pakolliset ev\u00e4steet tai rajata ev\u00e4steiden k\u00e4ytt\u00f6\u00e4 sek\u00e4 poistaa jo tallennetut ev\u00e4steet sivustomme ev\u00e4stebannerin kautta.<br><br>Voit lukea lis\u00e4\u00e4 ev\u00e4steist\u00e4 ja Suomen ev\u00e4stesuosituksista Traficomin verkkosivustolta<\/p>\n\n\n\n<p><a target=\"_blank\" href=\"https:\/\/www.traficom.fi\/sites\/default\/files\/media\/file\/Ev%C3%A4steohjeistus_palveluntarjoajille.pdf\" rel=\"noreferrer noopener\">https:\/\/www.traficom.fi\/sites\/default\/files\/media\/file\/Ev%C3%A4steohjeistus_palveluntarjoajille.pdf<\/a><br><br>Varaamme oikeuden p\u00e4ivitt\u00e4\u00e4 ev\u00e4stek\u00e4yt\u00e4nt\u00f6j\u00e4 esimerkiksi palveluiden kehityksen tai pakottavan lains\u00e4\u00e4d\u00e4nn\u00f6n vuoksi.<\/p>","protected":false},"excerpt":{"rendered":"<p>P\u00e4ivitetty: 27.04.2023 Sivustomme k\u00e4ytt\u00e4\u00e4 ev\u00e4steit\u00e4. \u201cHyv\u00e4ksyn ev\u00e4steet\u201d -nappia painamalla hyv\u00e4ksyt ev\u00e4steiden k\u00e4yt\u00f6n. Ev\u00e4steet tekev\u00e4t sivustomme k\u00e4ytt\u00e4misest\u00e4 helppoa, nopeaa ja k\u00e4ytt\u00e4j\u00e4yst\u00e4v\u00e4llist\u00e4.\u00a0Ev\u00e4steet mahdollistavat my\u00f6s liiketoimintamme kehitt\u00e4misen. Ev\u00e4ste on pieni tekstitiedosto, jonka internet-selain tallentaa k\u00e4ytt\u00e4j\u00e4n laitteelle. Ev\u00e4steet asetetaan k\u00e4ytt\u00e4j\u00e4n p\u00e4\u00e4telaitteelle ainoastaan k\u00e4ytt\u00e4j\u00e4n kutsuman sivuston mukana. Vain ev\u00e4steen l\u00e4hett\u00e4nyt palvelin voi my\u00f6hemmin lukea ja k\u00e4ytt\u00e4\u00e4 ev\u00e4stett\u00e4. Ev\u00e4steet tai muut &hellip;<\/p>\n<p class=\"read-more\"> <a class=\"\" href=\"https:\/\/mikkohalmeart.com\/en\/evastekaytannot\/\"> <span class=\"screen-reader-text\">Cookie Policy<\/span> Read More &raquo;<\/a><\/p>","protected":false},"author":1,"featured_media":0,"parent":0,"menu_order":0,"comment_status":"closed","ping_status":"closed","template":"","meta":{"_monsterinsights_skip_tracking":false,"_monsterinsights_sitenote_active":false,"_monsterinsights_sitenote_note":"","_monsterinsights_sitenote_category":0,"site-sidebar-layout":"default","site-content-layout":"","ast-site-content-layout":"","site-content-style":"default","site-sidebar-style":"default","ast-global-header-display":"","ast-banner-title-visibility":"","ast-main-header-display":"","ast-hfb-above-header-display":"","ast-hfb-below-header-display":"","ast-hfb-mobile-header-display":"","site-post-title":"","ast-breadcrumbs-content":"","ast-featured-img":"","footer-sml-layout":"","theme-transparent-header-meta":"","adv-header-id-meta":"","stick-header-meta":"","header-above-stick-meta":"","header-main-stick-meta":"","header-below-stick-meta":"","astra-migrate-meta-layouts":"","ast-page-background-enabled":"default","ast-page-background-meta":{"desktop":{"background-color":"","background-image":"","background-repeat":"repeat","background-position":"center center","background-size":"auto","background-attachment":"scroll","background-type":"","background-media":"","overlay-type":"","overlay-color":"","overlay-gradient":""},"tablet":{"background-color":"","background-image":"","background-repeat":"repeat","background-position":"center center","background-size":"auto","background-attachment":"scroll","background-type":"","background-media":"","overlay-type":"","overlay-color":"","overlay-gradient":""},"mobile":{"background-color":"","background-image":"","background-repeat":"repeat","background-position":"center center","background-size":"auto","background-attachment":"scroll","background-type":"","background-media":"","overlay-type":"","overlay-color":"","overlay-gradient":""}},"ast-content-background-meta":{"desktop":{"background-color":"var(--ast-global-color-5)","background-image":"","background-repeat":"repeat","background-position":"center center","background-size":"auto","background-attachment":"scroll","background-type":"","background-media":"","overlay-type":"","overlay-color":"","overlay-gradient":""},"tablet":{"background-color":"var(--ast-global-color-5)","background-image":"","background-repeat":"repeat","background-position":"center center","background-size":"auto","background-attachment":"scroll","background-type":"","background-media":"","overlay-type":"","overlay-color":"","overlay-gradient":""},"mobile":{"background-color":"var(--ast-global-color-5)","background-image":"","background-repeat":"repeat","background-position":"center center","background-size":"auto","background-attachment":"scroll","background-type":"","background-media":"","overlay-type":"","overlay-color":"","overlay-gradient":""}},"footnotes":""},"class_list":["post-2179","page","type-page","status-publish","hentry"],"yoast_head":"<!-- This site is optimized with the Yoast SEO plugin v27.2 - https:\/\/yoast.com\/product\/yoast-seo-wordpress\/ -->\n<title>Ev\u00e4stek\u00e4yt\u00e4nn\u00f6t - Mikko Halme Art<\/title>\n<meta name=\"robots\" content=\"index, follow, max-snippet:-1, max-image-preview:large, max-video-preview:-1\" \/>\n<link rel=\"canonical\" href=\"http:\/\/mikkohalmeart.com\/en\/evastekaytannot\/\" \/>\n<meta property=\"og:locale\" content=\"en_US\" \/>\n<meta property=\"og:type\" content=\"article\" \/>\n<meta property=\"og:title\" content=\"Ev\u00e4stek\u00e4yt\u00e4nn\u00f6t - Mikko Halme Art\" \/>\n<meta property=\"og:description\" content=\"P\u00e4ivitetty: 27.04.2023 Sivustomme k\u00e4ytt\u00e4\u00e4 ev\u00e4steit\u00e4. \u201cHyv\u00e4ksyn ev\u00e4steet\u201d -nappia painamalla hyv\u00e4ksyt ev\u00e4steiden k\u00e4yt\u00f6n. Ev\u00e4steet tekev\u00e4t sivustomme k\u00e4ytt\u00e4misest\u00e4 helppoa, nopeaa ja k\u00e4ytt\u00e4j\u00e4yst\u00e4v\u00e4llist\u00e4.\u00a0Ev\u00e4steet mahdollistavat my\u00f6s liiketoimintamme kehitt\u00e4misen. Ev\u00e4ste on pieni tekstitiedosto, jonka internet-selain tallentaa k\u00e4ytt\u00e4j\u00e4n laitteelle. Ev\u00e4steet asetetaan k\u00e4ytt\u00e4j\u00e4n p\u00e4\u00e4telaitteelle ainoastaan k\u00e4ytt\u00e4j\u00e4n kutsuman sivuston mukana. Vain ev\u00e4steen l\u00e4hett\u00e4nyt palvelin voi my\u00f6hemmin lukea ja k\u00e4ytt\u00e4\u00e4 ev\u00e4stett\u00e4. Ev\u00e4steet tai muut &hellip; Ev\u00e4stek\u00e4yt\u00e4nn\u00f6t Read More &raquo;\" \/>\n<meta property=\"og:url\" content=\"http:\/\/mikkohalmeart.com\/en\/evastekaytannot\/\" \/>\n<meta property=\"og:site_name\" content=\"Mikko Halme Art\" \/>\n<meta property=\"article:publisher\" content=\"https:\/\/www.facebook.com\/mikkohalmeart\/\" \/>\n<meta property=\"article:modified_time\" content=\"2024-01-28T09:16:22+00:00\" \/>\n<meta name=\"twitter:card\" content=\"summary_large_image\" \/>\n<meta name=\"twitter:label1\" content=\"Est. reading time\" \/>\n\t<meta name=\"twitter:data1\" content=\"2 minutes\" \/>\n<script type=\"application\/ld+json\" class=\"yoast-schema-graph\">{\"@context\":\"https:\/\/schema.org\",\"@graph\":[{\"@type\":\"WebPage\",\"@id\":\"http:\/\/mikkohalmeart.com\/evastekaytannot\/\",\"url\":\"http:\/\/mikkohalmeart.com\/evastekaytannot\/\",\"name\":\"Ev\u00e4stek\u00e4yt\u00e4nn\u00f6t - Mikko Halme Art\",\"isPartOf\":{\"@id\":\"https:\/\/mikkohalmeart.com\/#website\"},\"datePublished\":\"2023-04-27T20:25:09+00:00\",\"dateModified\":\"2024-01-28T09:16:22+00:00\",\"breadcrumb\":{\"@id\":\"http:\/\/mikkohalmeart.com\/evastekaytannot\/#breadcrumb\"},\"inLanguage\":\"en-US\",\"potentialAction\":[{\"@type\":\"ReadAction\",\"target\":[\"http:\/\/mikkohalmeart.com\/evastekaytannot\/\"]}]},{\"@type\":\"BreadcrumbList\",\"@id\":\"http:\/\/mikkohalmeart.com\/evastekaytannot\/#breadcrumb\",\"itemListElement\":[{\"@type\":\"ListItem\",\"position\":1,\"name\":\"Home\",\"item\":\"https:\/\/mikkohalmeart.com\/\"},{\"@type\":\"ListItem\",\"position\":2,\"name\":\"Ev\u00e4stek\u00e4yt\u00e4nn\u00f6t\"}]},{\"@type\":\"WebSite\",\"@id\":\"https:\/\/mikkohalmeart.com\/#website\",\"url\":\"https:\/\/mikkohalmeart.com\/\",\"name\":\"Mikko Halme Art\",\"description\":\"J\u00e4\u00e4kiekkomaalivahtien maskin maalaukset\",\"publisher\":{\"@id\":\"https:\/\/mikkohalmeart.com\/#organization\"},\"potentialAction\":[{\"@type\":\"SearchAction\",\"target\":{\"@type\":\"EntryPoint\",\"urlTemplate\":\"https:\/\/mikkohalmeart.com\/?s={search_term_string}\"},\"query-input\":{\"@type\":\"PropertyValueSpecification\",\"valueRequired\":true,\"valueName\":\"search_term_string\"}}],\"inLanguage\":\"en-US\"},{\"@type\":\"Organization\",\"@id\":\"https:\/\/mikkohalmeart.com\/#organization\",\"name\":\"Mikko Halme Art\",\"url\":\"https:\/\/mikkohalmeart.com\/\",\"logo\":{\"@type\":\"ImageObject\",\"inLanguage\":\"en-US\",\"@id\":\"https:\/\/mikkohalmeart.com\/#\/schema\/logo\/image\/\",\"url\":\"http:\/\/mikkohalmeart.com\/wp-content\/uploads\/2018\/02\/cropped-LogoMHA-callcard_skaalattu_pikkukuva-2.png\",\"contentUrl\":\"http:\/\/mikkohalmeart.com\/wp-content\/uploads\/2018\/02\/cropped-LogoMHA-callcard_skaalattu_pikkukuva-2.png\",\"width\":512,\"height\":512,\"caption\":\"Mikko Halme Art\"},\"image\":{\"@id\":\"https:\/\/mikkohalmeart.com\/#\/schema\/logo\/image\/\"},\"sameAs\":[\"https:\/\/www.facebook.com\/mikkohalmeart\/\",\"https:\/\/www.instagram.com\/mikkohalmeart\/\"]}]}<\/script>\n<!-- \/ Yoast SEO plugin. -->","yoast_head_json":{"title":"Ev\u00e4stek\u00e4yt\u00e4nn\u00f6t - Mikko Halme Art","robots":{"index":"index","follow":"follow","max-snippet":"max-snippet:-1","max-image-preview":"max-image-preview:large","max-video-preview":"max-video-preview:-1"},"canonical":"http:\/\/mikkohalmeart.com\/en\/evastekaytannot\/","og_locale":"en_US","og_type":"article","og_title":"Ev\u00e4stek\u00e4yt\u00e4nn\u00f6t - Mikko Halme Art","og_description":"P\u00e4ivitetty: 27.04.2023 Sivustomme k\u00e4ytt\u00e4\u00e4 ev\u00e4steit\u00e4. \u201cHyv\u00e4ksyn ev\u00e4steet\u201d -nappia painamalla hyv\u00e4ksyt ev\u00e4steiden k\u00e4yt\u00f6n. Ev\u00e4steet tekev\u00e4t sivustomme k\u00e4ytt\u00e4misest\u00e4 helppoa, nopeaa ja k\u00e4ytt\u00e4j\u00e4yst\u00e4v\u00e4llist\u00e4.\u00a0Ev\u00e4steet mahdollistavat my\u00f6s liiketoimintamme kehitt\u00e4misen. Ev\u00e4ste on pieni tekstitiedosto, jonka internet-selain tallentaa k\u00e4ytt\u00e4j\u00e4n laitteelle. Ev\u00e4steet asetetaan k\u00e4ytt\u00e4j\u00e4n p\u00e4\u00e4telaitteelle ainoastaan k\u00e4ytt\u00e4j\u00e4n kutsuman sivuston mukana. Vain ev\u00e4steen l\u00e4hett\u00e4nyt palvelin voi my\u00f6hemmin lukea ja k\u00e4ytt\u00e4\u00e4 ev\u00e4stett\u00e4. Ev\u00e4steet tai muut &hellip; Ev\u00e4stek\u00e4yt\u00e4nn\u00f6t Read More &raquo;","og_url":"http:\/\/mikkohalmeart.com\/en\/evastekaytannot\/","og_site_name":"Mikko Halme Art","article_publisher":"https:\/\/www.facebook.com\/mikkohalmeart\/","article_modified_time":"2024-01-28T09:16:22+00:00","twitter_card":"summary_large_image","twitter_misc":{"Est. reading time":"2 minutes"},"schema":{"@context":"https:\/\/schema.org","@graph":[{"@type":"WebPage","@id":"http:\/\/mikkohalmeart.com\/evastekaytannot\/","url":"http:\/\/mikkohalmeart.com\/evastekaytannot\/","name":"Ev\u00e4stek\u00e4yt\u00e4nn\u00f6t - Mikko Halme Art","isPartOf":{"@id":"https:\/\/mikkohalmeart.com\/#website"},"datePublished":"2023-04-27T20:25:09+00:00","dateModified":"2024-01-28T09:16:22+00:00","breadcrumb":{"@id":"http:\/\/mikkohalmeart.com\/evastekaytannot\/#breadcrumb"},"inLanguage":"en-US","potentialAction":[{"@type":"ReadAction","target":["http:\/\/mikkohalmeart.com\/evastekaytannot\/"]}]},{"@type":"BreadcrumbList","@id":"http:\/\/mikkohalmeart.com\/evastekaytannot\/#breadcrumb","itemListElement":[{"@type":"ListItem","position":1,"name":"Home","item":"https:\/\/mikkohalmeart.com\/"},{"@type":"ListItem","position":2,"name":"Ev\u00e4stek\u00e4yt\u00e4nn\u00f6t"}]},{"@type":"WebSite","@id":"https:\/\/mikkohalmeart.com\/#website","url":"https:\/\/mikkohalmeart.com\/","name":"Mikko Halme Art","description":"J\u00e4\u00e4kiekkomaalivahtien maskin maalaukset","publisher":{"@id":"https:\/\/mikkohalmeart.com\/#organization"},"potentialAction":[{"@type":"SearchAction","target":{"@type":"EntryPoint","urlTemplate":"https:\/\/mikkohalmeart.com\/?s={search_term_string}"},"query-input":{"@type":"PropertyValueSpecification","valueRequired":true,"valueName":"search_term_string"}}],"inLanguage":"en-US"},{"@type":"Organization","@id":"https:\/\/mikkohalmeart.com\/#organization","name":"Mikko Halme Art","url":"https:\/\/mikkohalmeart.com\/","logo":{"@type":"ImageObject","inLanguage":"en-US","@id":"https:\/\/mikkohalmeart.com\/#\/schema\/logo\/image\/","url":"http:\/\/mikkohalmeart.com\/wp-content\/uploads\/2018\/02\/cropped-LogoMHA-callcard_skaalattu_pikkukuva-2.png","contentUrl":"http:\/\/mikkohalmeart.com\/wp-content\/uploads\/2018\/02\/cropped-LogoMHA-callcard_skaalattu_pikkukuva-2.png","width":512,"height":512,"caption":"Mikko Halme Art"},"image":{"@id":"https:\/\/mikkohalmeart.com\/#\/schema\/logo\/image\/"},"sameAs":["https:\/\/www.facebook.com\/mikkohalmeart\/","https:\/\/www.instagram.com\/mikkohalmeart\/"]}]}},"_links":{"self":[{"href":"https:\/\/mikkohalmeart.com\/en\/wp-json\/wp\/v2\/pages\/2179","targetHints":{"allow":["GET"]}}],"collection":[{"href":"https:\/\/mikkohalmeart.com\/en\/wp-json\/wp\/v2\/pages"}],"about":[{"href":"https:\/\/mikkohalmeart.com\/en\/wp-json\/wp\/v2\/types\/page"}],"author":[{"embeddable":true,"href":"https:\/\/mikkohalmeart.com\/en\/wp-json\/wp\/v2\/users\/1"}],"replies":[{"embeddable":true,"href":"https:\/\/mikkohalmeart.com\/en\/wp-json\/wp\/v2\/comments?post=2179"}],"version-history":[{"count":2,"href":"https:\/\/mikkohalmeart.com\/en\/wp-json\/wp\/v2\/pages\/2179\/revisions"}],"predecessor-version":[{"id":2284,"href":"https:\/\/mikkohalmeart.com\/en\/wp-json\/wp\/v2\/pages\/2179\/revisions\/2284"}],"wp:attachment":[{"href":"https:\/\/mikkohalmeart.com\/en\/wp-json\/wp\/v2\/media?parent=2179"}],"curies":[{"name":"wp","href":"https:\/\/api.w.org\/{rel}","templated":true}]}}