{"id":2317,"date":"2023-04-28T07:33:09","date_gmt":"2023-04-28T07:33:09","guid":{"rendered":"http:\/\/mikkohalmeart.com\/?page_id=2317"},"modified":"2024-01-28T09:16:27","modified_gmt":"2024-01-28T09:16:27","slug":"elementor-2317","status":"publish","type":"page","link":"https:\/\/mikkohalmeart.com\/en\/elementor-2317\/","title":{"rendered":"Register statement and Data protection statement"},"content":{"rendered":"<div data-elementor-type=\"wp-page\" data-elementor-id=\"2317\" class=\"elementor elementor-2317\">\n\t\t\t\t\t\t<section class=\"elementor-section elementor-top-section elementor-element elementor-element-4f12bf2 elementor-section-boxed elementor-section-height-default elementor-section-height-default\" data-id=\"4f12bf2\" data-element_type=\"section\" data-e-type=\"section\">\n\t\t\t\t\t\t<div class=\"elementor-container elementor-column-gap-default\">\n\t\t\t\t\t<div class=\"elementor-column elementor-col-100 elementor-top-column elementor-element elementor-element-e2dce32\" data-id=\"e2dce32\" data-element_type=\"column\" data-e-type=\"column\">\n\t\t\t<div class=\"elementor-widget-wrap elementor-element-populated\">\n\t\t\t\t\t\t<div class=\"elementor-element elementor-element-a1afc30 elementor-widget elementor-widget-text-editor\" data-id=\"a1afc30\" data-element_type=\"widget\" data-e-type=\"widget\" data-widget_type=\"text-editor.default\">\n\t\t\t\t<div class=\"elementor-widget-container\">\n\t\t\t\t\t\t\t\t\t<p>Register statement and Data protection statement \u2013 \u200b\u200bcustomer and marketing register<\/p><p class=\"translation-block\">Section 10 and Section 24 of the Personal Data Act (523\/1999)\nDate of preparation 24.02.2018<\/p><p>1 The keeper of the register<\/p><p>Mikko Halme Art (y-tunnus: 2707453-6)<br \/>Peuratie 4, 21110 Naantali<br \/>Puh.\u00a0 050\u00a0462 6556<\/p><p>2 Contact person in matters concerning the register<br \/>Mikko Halme<br \/>Peuratie 4, 21110 Naantali<br \/>info@mikkohalmeart.com<\/p><p>3 Register name<\/p><p>Customer and marketing register<\/p><p>4 Purpose of personal data processing<\/p><p>The register collects information that is necessary to manage the customer relationship, including invoicing.<\/p><p>5 Data content of the register<\/p><p>Private customer information: Name, address, phone number, email address. Business customer information: Company name, Y-ID, delivery address, billing address, payment terms, contact person's name, phone number, e-mail.<\/p><p>Other customer information: discounts, deliveries, invoicing, complaints, warranty matters and other commercial information.<\/p><p>6 Regular sources of information<\/p><p>The data content of the register is collected at different stages of the customer relationship life cycle.<\/p><p>7 Regular transfers of information<\/p><p>Information will not be passed on.<\/p><p>8 Data transfer outside the EU or EEA<\/p><p>Information is not transferred outside the EU or the EEA.<\/p><p>9 Principles of registry protection<\/p><p>A Manual material\u00a0<\/p><p>If manual data is received in the register or it is printed, it is stored in a locked state. Unnecessary manual material is disposed of securely in compliance with the decisions and instructions given on data retention.<\/p><p>B Information processed by ADP<\/p><p>The information is collected in databases that are protected by firewalls, passwords or other technical means. The databases and their backups are located in locked rooms and only certain pre-designated persons can access the data.<\/p><p>10 Right of inspection<\/p><p>According to Section 29 of Personal Data Act, the registered person has the right to check his information in the register. The request is addressed to the party in section 2.<\/p><p>11 The right to demand correction of information<\/p><p>According to Section 30 of Personal Data Act, the registered person has the right to demand the correction of incorrect information about himself in the register. The request is addressed to the party in section 2.<\/p><p>12 Deleting data<\/p><p>The personal data recorded in the register is reviewed regularly and the data is deleted when there is no legal basis for keeping it.<\/p>\t\t\t\t\t\t\t\t<\/div>\n\t\t\t\t<\/div>\n\t\t\t\t\t<\/div>\n\t\t<\/div>\n\t\t\t\t\t<\/div>\n\t\t<\/section>\n\t\t\t\t<\/div>","protected":false},"excerpt":{"rendered":"<p>Rekisteriseloste ja tietosuojaseloste \u2013 asiakas- ja markkinointirekisteri Henkil\u00f6tietolain (523\/1999) 10 \u00a7 ja 24 \u00a7 Laatimisp\u00e4iv\u00e4 24.02.2018 1 Rekisterin pit\u00e4j\u00e4 Mikko Halme Art (y-tunnus: 2707453-6) Peuratie 4, 21110 Naantali Puh.&nbsp; 050&nbsp;462 6556 2 Yhteyshenkil\u00f6 rekisteri\u00e4 koskevissa asioissa Mikko Halme Peuratie 4, 21110 Naantali info@mikkohalmeart.com 3 Rekisterin nimi Asiakas- ja markkinointirekisteri 4 Henkil\u00f6tietojen k\u00e4sittelyn tarkoitus Rekisteriin ker\u00e4t\u00e4\u00e4n &hellip;<\/p>\n<p class=\"read-more\"> <a class=\"\" href=\"https:\/\/mikkohalmeart.com\/en\/elementor-2317\/\"> <span class=\"screen-reader-text\">Register statement and Data protection statement<\/span> Read More &raquo;<\/a><\/p>","protected":false},"author":1,"featured_media":0,"parent":0,"menu_order":0,"comment_status":"closed","ping_status":"closed","template":"","meta":{"_monsterinsights_skip_tracking":false,"_monsterinsights_sitenote_active":false,"_monsterinsights_sitenote_note":"","_monsterinsights_sitenote_category":0,"site-sidebar-layout":"no-sidebar","site-content-layout":"page-builder","ast-site-content-layout":"","site-content-style":"default","site-sidebar-style":"default","ast-global-header-display":"","ast-banner-title-visibility":"","ast-main-header-display":"","ast-hfb-above-header-display":"","ast-hfb-below-header-display":"","ast-hfb-mobile-header-display":"","site-post-title":"disabled","ast-breadcrumbs-content":"","ast-featured-img":"disabled","footer-sml-layout":"","theme-transparent-header-meta":"","adv-header-id-meta":"","stick-header-meta":"","header-above-stick-meta":"","header-main-stick-meta":"","header-below-stick-meta":"","astra-migrate-meta-layouts":"","ast-page-background-enabled":"default","ast-page-background-meta":{"desktop":{"background-color":"","background-image":"","background-repeat":"repeat","background-position":"center center","background-size":"auto","background-attachment":"scroll","background-type":"","background-media":"","overlay-type":"","overlay-color":"","overlay-gradient":""},"tablet":{"background-color":"","background-image":"","background-repeat":"repeat","background-position":"center center","background-size":"auto","background-attachment":"scroll","background-type":"","background-media":"","overlay-type":"","overlay-color":"","overlay-gradient":""},"mobile":{"background-color":"","background-image":"","background-repeat":"repeat","background-position":"center center","background-size":"auto","background-attachment":"scroll","background-type":"","background-media":"","overlay-type":"","overlay-color":"","overlay-gradient":""}},"ast-content-background-meta":{"desktop":{"background-color":"var(--ast-global-color-5)","background-image":"","background-repeat":"repeat","background-position":"center center","background-size":"auto","background-attachment":"scroll","background-type":"","background-media":"","overlay-type":"","overlay-color":"","overlay-gradient":""},"tablet":{"background-color":"var(--ast-global-color-5)","background-image":"","background-repeat":"repeat","background-position":"center center","background-size":"auto","background-attachment":"scroll","background-type":"","background-media":"","overlay-type":"","overlay-color":"","overlay-gradient":""},"mobile":{"background-color":"var(--ast-global-color-5)","background-image":"","background-repeat":"repeat","background-position":"center center","background-size":"auto","background-attachment":"scroll","background-type":"","background-media":"","overlay-type":"","overlay-color":"","overlay-gradient":""}},"footnotes":""},"class_list":["post-2317","page","type-page","status-publish","hentry"],"yoast_head":"<!-- This site is optimized with the Yoast SEO plugin v27.2 - https:\/\/yoast.com\/product\/yoast-seo-wordpress\/ -->\n<title>Rekisteriseloste ja tietosuojaseloste - Mikko Halme Art<\/title>\n<meta name=\"robots\" content=\"index, follow, max-snippet:-1, max-image-preview:large, max-video-preview:-1\" \/>\n<link rel=\"canonical\" href=\"https:\/\/mikkohalmeart.com\/en\/elementor-2317\/\" \/>\n<meta property=\"og:locale\" content=\"en_US\" \/>\n<meta property=\"og:type\" content=\"article\" \/>\n<meta property=\"og:title\" content=\"Rekisteriseloste ja tietosuojaseloste - Mikko Halme Art\" \/>\n<meta property=\"og:description\" content=\"Rekisteriseloste ja tietosuojaseloste \u2013 asiakas- ja markkinointirekisteri Henkil\u00f6tietolain (523\/1999) 10 \u00a7 ja 24 \u00a7 Laatimisp\u00e4iv\u00e4 24.02.2018 1 Rekisterin pit\u00e4j\u00e4 Mikko Halme Art (y-tunnus: 2707453-6) Peuratie 4, 21110 Naantali Puh.&nbsp; 050&nbsp;462 6556 2 Yhteyshenkil\u00f6 rekisteri\u00e4 koskevissa asioissa Mikko Halme Peuratie 4, 21110 Naantali info@mikkohalmeart.com 3 Rekisterin nimi Asiakas- ja markkinointirekisteri 4 Henkil\u00f6tietojen k\u00e4sittelyn tarkoitus Rekisteriin ker\u00e4t\u00e4\u00e4n &hellip; Rekisteriseloste ja tietosuojaseloste Read More &raquo;\" \/>\n<meta property=\"og:url\" content=\"https:\/\/mikkohalmeart.com\/en\/elementor-2317\/\" \/>\n<meta property=\"og:site_name\" content=\"Mikko Halme Art\" \/>\n<meta property=\"article:publisher\" content=\"https:\/\/www.facebook.com\/mikkohalmeart\/\" \/>\n<meta property=\"article:modified_time\" content=\"2024-01-28T09:16:27+00:00\" \/>\n<meta name=\"twitter:card\" content=\"summary_large_image\" \/>\n<meta name=\"twitter:label1\" content=\"Est. reading time\" \/>\n\t<meta name=\"twitter:data1\" content=\"2 minutes\" \/>\n<script type=\"application\/ld+json\" class=\"yoast-schema-graph\">{\"@context\":\"https:\/\/schema.org\",\"@graph\":[{\"@type\":\"WebPage\",\"@id\":\"https:\/\/mikkohalmeart.com\/elementor-2317\/\",\"url\":\"https:\/\/mikkohalmeart.com\/elementor-2317\/\",\"name\":\"Rekisteriseloste ja tietosuojaseloste - Mikko Halme Art\",\"isPartOf\":{\"@id\":\"https:\/\/mikkohalmeart.com\/#website\"},\"datePublished\":\"2023-04-28T07:33:09+00:00\",\"dateModified\":\"2024-01-28T09:16:27+00:00\",\"breadcrumb\":{\"@id\":\"https:\/\/mikkohalmeart.com\/elementor-2317\/#breadcrumb\"},\"inLanguage\":\"en-US\",\"potentialAction\":[{\"@type\":\"ReadAction\",\"target\":[\"https:\/\/mikkohalmeart.com\/elementor-2317\/\"]}]},{\"@type\":\"BreadcrumbList\",\"@id\":\"https:\/\/mikkohalmeart.com\/elementor-2317\/#breadcrumb\",\"itemListElement\":[{\"@type\":\"ListItem\",\"position\":1,\"name\":\"Home\",\"item\":\"https:\/\/mikkohalmeart.com\/\"},{\"@type\":\"ListItem\",\"position\":2,\"name\":\"Rekisteriseloste ja tietosuojaseloste\"}]},{\"@type\":\"WebSite\",\"@id\":\"https:\/\/mikkohalmeart.com\/#website\",\"url\":\"https:\/\/mikkohalmeart.com\/\",\"name\":\"Mikko Halme Art\",\"description\":\"J\u00e4\u00e4kiekkomaalivahtien maskin maalaukset\",\"publisher\":{\"@id\":\"https:\/\/mikkohalmeart.com\/#organization\"},\"potentialAction\":[{\"@type\":\"SearchAction\",\"target\":{\"@type\":\"EntryPoint\",\"urlTemplate\":\"https:\/\/mikkohalmeart.com\/?s={search_term_string}\"},\"query-input\":{\"@type\":\"PropertyValueSpecification\",\"valueRequired\":true,\"valueName\":\"search_term_string\"}}],\"inLanguage\":\"en-US\"},{\"@type\":\"Organization\",\"@id\":\"https:\/\/mikkohalmeart.com\/#organization\",\"name\":\"Mikko Halme Art\",\"url\":\"https:\/\/mikkohalmeart.com\/\",\"logo\":{\"@type\":\"ImageObject\",\"inLanguage\":\"en-US\",\"@id\":\"https:\/\/mikkohalmeart.com\/#\/schema\/logo\/image\/\",\"url\":\"http:\/\/mikkohalmeart.com\/wp-content\/uploads\/2018\/02\/cropped-LogoMHA-callcard_skaalattu_pikkukuva-2.png\",\"contentUrl\":\"http:\/\/mikkohalmeart.com\/wp-content\/uploads\/2018\/02\/cropped-LogoMHA-callcard_skaalattu_pikkukuva-2.png\",\"width\":512,\"height\":512,\"caption\":\"Mikko Halme Art\"},\"image\":{\"@id\":\"https:\/\/mikkohalmeart.com\/#\/schema\/logo\/image\/\"},\"sameAs\":[\"https:\/\/www.facebook.com\/mikkohalmeart\/\",\"https:\/\/www.instagram.com\/mikkohalmeart\/\"]}]}<\/script>\n<!-- \/ Yoast SEO plugin. -->","yoast_head_json":{"title":"Rekisteriseloste ja tietosuojaseloste - Mikko Halme Art","robots":{"index":"index","follow":"follow","max-snippet":"max-snippet:-1","max-image-preview":"max-image-preview:large","max-video-preview":"max-video-preview:-1"},"canonical":"https:\/\/mikkohalmeart.com\/en\/elementor-2317\/","og_locale":"en_US","og_type":"article","og_title":"Rekisteriseloste ja tietosuojaseloste - Mikko Halme Art","og_description":"Rekisteriseloste ja tietosuojaseloste \u2013 asiakas- ja markkinointirekisteri Henkil\u00f6tietolain (523\/1999) 10 \u00a7 ja 24 \u00a7 Laatimisp\u00e4iv\u00e4 24.02.2018 1 Rekisterin pit\u00e4j\u00e4 Mikko Halme Art (y-tunnus: 2707453-6) Peuratie 4, 21110 Naantali Puh.&nbsp; 050&nbsp;462 6556 2 Yhteyshenkil\u00f6 rekisteri\u00e4 koskevissa asioissa Mikko Halme Peuratie 4, 21110 Naantali info@mikkohalmeart.com 3 Rekisterin nimi Asiakas- ja markkinointirekisteri 4 Henkil\u00f6tietojen k\u00e4sittelyn tarkoitus Rekisteriin ker\u00e4t\u00e4\u00e4n &hellip; Rekisteriseloste ja tietosuojaseloste Read More &raquo;","og_url":"https:\/\/mikkohalmeart.com\/en\/elementor-2317\/","og_site_name":"Mikko Halme Art","article_publisher":"https:\/\/www.facebook.com\/mikkohalmeart\/","article_modified_time":"2024-01-28T09:16:27+00:00","twitter_card":"summary_large_image","twitter_misc":{"Est. reading time":"2 minutes"},"schema":{"@context":"https:\/\/schema.org","@graph":[{"@type":"WebPage","@id":"https:\/\/mikkohalmeart.com\/elementor-2317\/","url":"https:\/\/mikkohalmeart.com\/elementor-2317\/","name":"Rekisteriseloste ja tietosuojaseloste - Mikko Halme Art","isPartOf":{"@id":"https:\/\/mikkohalmeart.com\/#website"},"datePublished":"2023-04-28T07:33:09+00:00","dateModified":"2024-01-28T09:16:27+00:00","breadcrumb":{"@id":"https:\/\/mikkohalmeart.com\/elementor-2317\/#breadcrumb"},"inLanguage":"en-US","potentialAction":[{"@type":"ReadAction","target":["https:\/\/mikkohalmeart.com\/elementor-2317\/"]}]},{"@type":"BreadcrumbList","@id":"https:\/\/mikkohalmeart.com\/elementor-2317\/#breadcrumb","itemListElement":[{"@type":"ListItem","position":1,"name":"Home","item":"https:\/\/mikkohalmeart.com\/"},{"@type":"ListItem","position":2,"name":"Rekisteriseloste ja tietosuojaseloste"}]},{"@type":"WebSite","@id":"https:\/\/mikkohalmeart.com\/#website","url":"https:\/\/mikkohalmeart.com\/","name":"Mikko Halme Art","description":"J\u00e4\u00e4kiekkomaalivahtien maskin maalaukset","publisher":{"@id":"https:\/\/mikkohalmeart.com\/#organization"},"potentialAction":[{"@type":"SearchAction","target":{"@type":"EntryPoint","urlTemplate":"https:\/\/mikkohalmeart.com\/?s={search_term_string}"},"query-input":{"@type":"PropertyValueSpecification","valueRequired":true,"valueName":"search_term_string"}}],"inLanguage":"en-US"},{"@type":"Organization","@id":"https:\/\/mikkohalmeart.com\/#organization","name":"Mikko Halme Art","url":"https:\/\/mikkohalmeart.com\/","logo":{"@type":"ImageObject","inLanguage":"en-US","@id":"https:\/\/mikkohalmeart.com\/#\/schema\/logo\/image\/","url":"http:\/\/mikkohalmeart.com\/wp-content\/uploads\/2018\/02\/cropped-LogoMHA-callcard_skaalattu_pikkukuva-2.png","contentUrl":"http:\/\/mikkohalmeart.com\/wp-content\/uploads\/2018\/02\/cropped-LogoMHA-callcard_skaalattu_pikkukuva-2.png","width":512,"height":512,"caption":"Mikko Halme Art"},"image":{"@id":"https:\/\/mikkohalmeart.com\/#\/schema\/logo\/image\/"},"sameAs":["https:\/\/www.facebook.com\/mikkohalmeart\/","https:\/\/www.instagram.com\/mikkohalmeart\/"]}]}},"_links":{"self":[{"href":"https:\/\/mikkohalmeart.com\/en\/wp-json\/wp\/v2\/pages\/2317","targetHints":{"allow":["GET"]}}],"collection":[{"href":"https:\/\/mikkohalmeart.com\/en\/wp-json\/wp\/v2\/pages"}],"about":[{"href":"https:\/\/mikkohalmeart.com\/en\/wp-json\/wp\/v2\/types\/page"}],"author":[{"embeddable":true,"href":"https:\/\/mikkohalmeart.com\/en\/wp-json\/wp\/v2\/users\/1"}],"replies":[{"embeddable":true,"href":"https:\/\/mikkohalmeart.com\/en\/wp-json\/wp\/v2\/comments?post=2317"}],"version-history":[{"count":6,"href":"https:\/\/mikkohalmeart.com\/en\/wp-json\/wp\/v2\/pages\/2317\/revisions"}],"predecessor-version":[{"id":2326,"href":"https:\/\/mikkohalmeart.com\/en\/wp-json\/wp\/v2\/pages\/2317\/revisions\/2326"}],"wp:attachment":[{"href":"https:\/\/mikkohalmeart.com\/en\/wp-json\/wp\/v2\/media?parent=2317"}],"curies":[{"name":"wp","href":"https:\/\/api.w.org\/{rel}","templated":true}]}}